{"id":2666,"date":"2015-06-01T09:51:58","date_gmt":"2015-06-01T09:51:58","guid":{"rendered":"http:\/\/www.crivellitraslochi.ch\/einlagen\/"},"modified":"2022-07-28T13:56:24","modified_gmt":"2022-07-28T13:56:24","slug":"einlagen","status":"publish","type":"page","link":"https:\/\/www.crivellitraslochi.ch\/de\/dienstleistungen\/einlagen\/","title":{"rendered":"Einlagen"},"content":{"rendered":"<div id=\"cs-content\" class=\"cs-content\"><\/div>\n","protected":false},"excerpt":{"rendered":"<p>Lagerung und Aufbewahrung von M\u00f6beln Crivelli-Umz\u00fcge geben Ihnen den Raum, den Sie brauchenBei einem sehr komplexen Umzug kann es erforderlich sein, die M\u00f6bel f\u00fcr einige Tage einzulagern. Unser Unternehmen bietet auch einen Einlagerungs- und M\u00f6bellagerungsdienst an, mit der M\u00f6glichkeit der Verpackung und Umh\u00fcllung. Unser Einlagerungsservice f\u00fcr M\u00f6bel befindet sich in unseren R\u00e4umlichkeiten in Lamone (Lugano-Nord) und es stehen R\u00e4ume unterschiedlicher &#8230; <\/p>\n<div><a href=\"https:\/\/www.crivellitraslochi.ch\/de\/unkategorisiert\/3911\/\" class=\"more-link\">Read More<\/a><\/div>\n","protected":false},"author":1,"featured_media":0,"parent":2702,"menu_order":0,"comment_status":"open","ping_status":"open","template":"template-blank-4.php","meta":{"footnotes":""},"class_list":["post-2666","page","type-page","status-publish","hentry","no-post-thumbnail"],"_links":{"self":[{"href":"https:\/\/www.crivellitraslochi.ch\/de\/wp-json\/wp\/v2\/pages\/2666","targetHints":{"allow":["GET"]}}],"collection":[{"href":"https:\/\/www.crivellitraslochi.ch\/de\/wp-json\/wp\/v2\/pages"}],"about":[{"href":"https:\/\/www.crivellitraslochi.ch\/de\/wp-json\/wp\/v2\/types\/page"}],"author":[{"embeddable":true,"href":"https:\/\/www.crivellitraslochi.ch\/de\/wp-json\/wp\/v2\/users\/1"}],"replies":[{"embeddable":true,"href":"https:\/\/www.crivellitraslochi.ch\/de\/wp-json\/wp\/v2\/comments?post=2666"}],"version-history":[{"count":0,"href":"https:\/\/www.crivellitraslochi.ch\/de\/wp-json\/wp\/v2\/pages\/2666\/revisions"}],"up":[{"embeddable":true,"href":"https:\/\/www.crivellitraslochi.ch\/de\/wp-json\/wp\/v2\/pages\/2702"}],"wp:attachment":[{"href":"https:\/\/www.crivellitraslochi.ch\/de\/wp-json\/wp\/v2\/media?parent=2666"}],"curies":[{"name":"wp","href":"https:\/\/api.w.org\/{rel}","templated":true}]}}