{"id":2673,"date":"2015-06-01T10:43:55","date_gmt":"2015-06-01T10:43:55","guid":{"rendered":"http:\/\/www.crivellitraslochi.ch\/verpackungsmaterialien\/"},"modified":"2022-07-28T13:59:15","modified_gmt":"2022-07-28T13:59:15","slug":"verpackungsmaterialien","status":"publish","type":"page","link":"https:\/\/www.crivellitraslochi.ch\/de\/dienstleistungen\/verpackungsmaterialien\/","title":{"rendered":"Verpackungsmaterialien"},"content":{"rendered":"<div id=\"cs-content\" class=\"cs-content\"><\/div>\n","protected":false},"excerpt":{"rendered":"<p>Verpackungsmaterialien Crivelli achtet besonders auf die Eignung des Verpackungsmaterials und liefert Kartons (in verschiedenen Gr\u00f6\u00dfen und mit spezifischen Eigenschaften) f\u00fcr B\u00fccher und zerbrechliche Gegenst\u00e4nde, f\u00fcr Kleidung und leichtes Material sowie f\u00fcr h\u00e4ngende Kleidungsst\u00fccke. Zum weiteren Schutz empfindlicher Einrichtungsgegenst\u00e4nde wie Geschirr und Glaswaren wird Luftpolsterfolie verwendet, w\u00e4hrend Matratzen, Sofas und Sessel mit Zellophan umh\u00fcllt werden und Gem\u00e4lde und M\u00f6bel durch Lagen &#8230; <\/p>\n<div><a href=\"https:\/\/www.crivellitraslochi.ch\/de\/unkategorisiert\/3911\/\" class=\"more-link\">Read More<\/a><\/div>\n","protected":false},"author":1,"featured_media":0,"parent":2702,"menu_order":0,"comment_status":"open","ping_status":"open","template":"template-blank-4.php","meta":{"footnotes":""},"class_list":["post-2673","page","type-page","status-publish","hentry","no-post-thumbnail"],"_links":{"self":[{"href":"https:\/\/www.crivellitraslochi.ch\/de\/wp-json\/wp\/v2\/pages\/2673","targetHints":{"allow":["GET"]}}],"collection":[{"href":"https:\/\/www.crivellitraslochi.ch\/de\/wp-json\/wp\/v2\/pages"}],"about":[{"href":"https:\/\/www.crivellitraslochi.ch\/de\/wp-json\/wp\/v2\/types\/page"}],"author":[{"embeddable":true,"href":"https:\/\/www.crivellitraslochi.ch\/de\/wp-json\/wp\/v2\/users\/1"}],"replies":[{"embeddable":true,"href":"https:\/\/www.crivellitraslochi.ch\/de\/wp-json\/wp\/v2\/comments?post=2673"}],"version-history":[{"count":0,"href":"https:\/\/www.crivellitraslochi.ch\/de\/wp-json\/wp\/v2\/pages\/2673\/revisions"}],"up":[{"embeddable":true,"href":"https:\/\/www.crivellitraslochi.ch\/de\/wp-json\/wp\/v2\/pages\/2702"}],"wp:attachment":[{"href":"https:\/\/www.crivellitraslochi.ch\/de\/wp-json\/wp\/v2\/media?parent=2673"}],"curies":[{"name":"wp","href":"https:\/\/api.w.org\/{rel}","templated":true}]}}