{"id":2679,"date":"2015-06-01T09:42:35","date_gmt":"2015-06-01T09:42:35","guid":{"rendered":"http:\/\/www.crivellitraslochi.ch\/buroumzuge-unternehmen\/"},"modified":"2022-08-22T14:19:06","modified_gmt":"2022-08-22T14:19:06","slug":"buroumzuge-unternehmen","status":"publish","type":"page","link":"https:\/\/www.crivellitraslochi.ch\/de\/dienstleistungen\/buroumzuge-unternehmen\/","title":{"rendered":"B\u00fcroumz\u00fcge, Unternehmen"},"content":{"rendered":"<div id=\"cs-content\" class=\"cs-content\"><\/div>\n","protected":false},"excerpt":{"rendered":"<p>B\u00fcroumz\u00fcge, Unternehmen Crivelli ist ein seit \u00fcber 100 Jahren t\u00e4tiges Umzugsunternehmen, das einen Gro\u00dfteil seiner Ressourcen in die Schaffung einer Organisationsstruktur investiert hat, die in der Lage ist, alle Probleme im Zusammenhang mit B\u00fcroumz\u00fcgen erfolgreich anzugehen und zu l\u00f6sen, so dass es heute als Referenz f\u00fcr eine betr\u00e4chtliche Anzahl von Unternehmen gelten kann, die ihre B\u00fcros, Archive, Lager oder ihre &#8230; <\/p>\n<div><a href=\"https:\/\/www.crivellitraslochi.ch\/de\/unkategorisiert\/3911\/\" class=\"more-link\">Read More<\/a><\/div>\n","protected":false},"author":1,"featured_media":0,"parent":2702,"menu_order":0,"comment_status":"open","ping_status":"open","template":"template-blank-4.php","meta":{"footnotes":""},"class_list":["post-2679","page","type-page","status-publish","hentry","no-post-thumbnail"],"_links":{"self":[{"href":"https:\/\/www.crivellitraslochi.ch\/de\/wp-json\/wp\/v2\/pages\/2679","targetHints":{"allow":["GET"]}}],"collection":[{"href":"https:\/\/www.crivellitraslochi.ch\/de\/wp-json\/wp\/v2\/pages"}],"about":[{"href":"https:\/\/www.crivellitraslochi.ch\/de\/wp-json\/wp\/v2\/types\/page"}],"author":[{"embeddable":true,"href":"https:\/\/www.crivellitraslochi.ch\/de\/wp-json\/wp\/v2\/users\/1"}],"replies":[{"embeddable":true,"href":"https:\/\/www.crivellitraslochi.ch\/de\/wp-json\/wp\/v2\/comments?post=2679"}],"version-history":[{"count":0,"href":"https:\/\/www.crivellitraslochi.ch\/de\/wp-json\/wp\/v2\/pages\/2679\/revisions"}],"up":[{"embeddable":true,"href":"https:\/\/www.crivellitraslochi.ch\/de\/wp-json\/wp\/v2\/pages\/2702"}],"wp:attachment":[{"href":"https:\/\/www.crivellitraslochi.ch\/de\/wp-json\/wp\/v2\/media?parent=2679"}],"curies":[{"name":"wp","href":"https:\/\/api.w.org\/{rel}","templated":true}]}}