{"id":2692,"date":"2016-01-23T13:39:24","date_gmt":"2016-01-23T13:39:24","guid":{"rendered":"http:\/\/www.crivellitraslochi.ch\/tipps\/professionelle-verpackung\/"},"modified":"2022-07-28T13:31:24","modified_gmt":"2022-07-28T13:31:24","slug":"professionelle-verpackung","status":"publish","type":"page","link":"https:\/\/www.crivellitraslochi.ch\/de\/tipps\/professionelle-verpackung\/","title":{"rendered":"Professionelle Verpackung"},"content":{"rendered":"<div id=\"cs-content\" class=\"cs-content\"><\/div>\n","protected":false},"excerpt":{"rendered":"<p>Professionelle Verpackung Wenn Sie die Entscheidung getroffen haben, dass Sie den Umzug selbst durchf\u00fchren wollen, erwartet Sie eine wichtige und heikle Pr\u00fcfung, bei der einige Grundregeln beachtet werden m\u00fcssen: das Packen, oder Sie k\u00f6nnen sich auf UNS verlassen! Der Zweck der Verpackung besteht darin, Materialien, auch unterschiedlicher Art, in mehreren Beh\u00e4ltern zusammenzufassen und sie vor m\u00f6glichen St\u00f6\u00dfen oder Ersch\u00fctterungen zu &#8230; <\/p>\n<div><a href=\"https:\/\/www.crivellitraslochi.ch\/de\/unkategorisiert\/3911\/\" class=\"more-link\">Read More<\/a><\/div>\n","protected":false},"author":1,"featured_media":0,"parent":2677,"menu_order":0,"comment_status":"closed","ping_status":"closed","template":"template-blank-4.php","meta":{"footnotes":""},"class_list":["post-2692","page","type-page","status-publish","hentry","no-post-thumbnail"],"_links":{"self":[{"href":"https:\/\/www.crivellitraslochi.ch\/de\/wp-json\/wp\/v2\/pages\/2692","targetHints":{"allow":["GET"]}}],"collection":[{"href":"https:\/\/www.crivellitraslochi.ch\/de\/wp-json\/wp\/v2\/pages"}],"about":[{"href":"https:\/\/www.crivellitraslochi.ch\/de\/wp-json\/wp\/v2\/types\/page"}],"author":[{"embeddable":true,"href":"https:\/\/www.crivellitraslochi.ch\/de\/wp-json\/wp\/v2\/users\/1"}],"replies":[{"embeddable":true,"href":"https:\/\/www.crivellitraslochi.ch\/de\/wp-json\/wp\/v2\/comments?post=2692"}],"version-history":[{"count":0,"href":"https:\/\/www.crivellitraslochi.ch\/de\/wp-json\/wp\/v2\/pages\/2692\/revisions"}],"up":[{"embeddable":true,"href":"https:\/\/www.crivellitraslochi.ch\/de\/wp-json\/wp\/v2\/pages\/2677"}],"wp:attachment":[{"href":"https:\/\/www.crivellitraslochi.ch\/de\/wp-json\/wp\/v2\/media?parent=2692"}],"curies":[{"name":"wp","href":"https:\/\/api.w.org\/{rel}","templated":true}]}}