{"id":2696,"date":"2016-01-23T14:03:45","date_gmt":"2016-01-23T14:03:45","guid":{"rendered":"http:\/\/www.crivellitraslochi.ch\/tipps\/kinder\/"},"modified":"2022-07-28T10:20:26","modified_gmt":"2022-07-28T10:20:26","slug":"kinder","status":"publish","type":"page","link":"https:\/\/www.crivellitraslochi.ch\/de\/tipps\/kinder\/","title":{"rendered":"Kinder"},"content":{"rendered":"<div id=\"cs-content\" class=\"cs-content\"><\/div>\n","protected":false},"excerpt":{"rendered":"<p>Kinder Der Umzug? Ein Kinderspiel Jede radikale Ver\u00e4nderung kann bei Kindern Unbehagen hervorrufen, vor allem bei \u00e4lteren Kindern, die schon l\u00e4nger an die Umgebung, die Dinge und bestimmte Gewohnheiten gew\u00f6hnt sind, die sich in jeder Familie unweigerlich etablieren. Ein Umzug bedeutet dann sehr oft, dass man sich von seinen Freunden, einem wichtigen Bezugspunkt f\u00fcr Jugendliche, entfernt oder sogar die Schule &#8230; <\/p>\n<div><a href=\"https:\/\/www.crivellitraslochi.ch\/de\/unkategorisiert\/3911\/\" class=\"more-link\">Read More<\/a><\/div>\n","protected":false},"author":1,"featured_media":0,"parent":2677,"menu_order":0,"comment_status":"closed","ping_status":"closed","template":"template-blank-4.php","meta":{"footnotes":""},"class_list":["post-2696","page","type-page","status-publish","hentry","no-post-thumbnail"],"_links":{"self":[{"href":"https:\/\/www.crivellitraslochi.ch\/de\/wp-json\/wp\/v2\/pages\/2696","targetHints":{"allow":["GET"]}}],"collection":[{"href":"https:\/\/www.crivellitraslochi.ch\/de\/wp-json\/wp\/v2\/pages"}],"about":[{"href":"https:\/\/www.crivellitraslochi.ch\/de\/wp-json\/wp\/v2\/types\/page"}],"author":[{"embeddable":true,"href":"https:\/\/www.crivellitraslochi.ch\/de\/wp-json\/wp\/v2\/users\/1"}],"replies":[{"embeddable":true,"href":"https:\/\/www.crivellitraslochi.ch\/de\/wp-json\/wp\/v2\/comments?post=2696"}],"version-history":[{"count":0,"href":"https:\/\/www.crivellitraslochi.ch\/de\/wp-json\/wp\/v2\/pages\/2696\/revisions"}],"up":[{"embeddable":true,"href":"https:\/\/www.crivellitraslochi.ch\/de\/wp-json\/wp\/v2\/pages\/2677"}],"wp:attachment":[{"href":"https:\/\/www.crivellitraslochi.ch\/de\/wp-json\/wp\/v2\/media?parent=2696"}],"curies":[{"name":"wp","href":"https:\/\/api.w.org\/{rel}","templated":true}]}}