{"id":2703,"date":"2016-01-23T13:30:48","date_gmt":"2016-01-23T13:30:48","guid":{"rendered":"http:\/\/www.crivellitraslochi.ch\/tipps\/organisation-des-umzugs\/"},"modified":"2022-07-28T13:29:34","modified_gmt":"2022-07-28T13:29:34","slug":"organisation-des-umzugs","status":"publish","type":"page","link":"https:\/\/www.crivellitraslochi.ch\/de\/tipps\/organisation-des-umzugs\/","title":{"rendered":"Organisation des Umzugs"},"content":{"rendered":"<div id=\"cs-content\" class=\"cs-content\"><\/div>\n","protected":false},"excerpt":{"rendered":"<p>Organisation des Umzugs Wir sollten uns rechtzeitig vorbereiten6 Wochen fr\u00fcherEntr\u00fcmpeln Sie den Keller, die Kiste, den Abstellraum usw. von unn\u00f6tigen Gegenst\u00e4nden. Machen Sie eine Bestandsaufnahme: K\u00f6nnen Sie etwas verschenken? Brauchen Sie alles? Wenden Sie sich an den Verwalter der neuen Eigentumswohnung und fordern Sie das Wohnungseigentumsreglement an. \u00dcbertragen Sie die Einschreibung auf die Schule Ihrer Kinder. Legen Sie Pappkartons und &#8230; <\/p>\n<div><a href=\"https:\/\/www.crivellitraslochi.ch\/de\/unkategorisiert\/3911\/\" class=\"more-link\">Read More<\/a><\/div>\n","protected":false},"author":1,"featured_media":0,"parent":2677,"menu_order":0,"comment_status":"closed","ping_status":"closed","template":"template-blank-4.php","meta":{"footnotes":""},"class_list":["post-2703","page","type-page","status-publish","hentry","no-post-thumbnail"],"_links":{"self":[{"href":"https:\/\/www.crivellitraslochi.ch\/de\/wp-json\/wp\/v2\/pages\/2703","targetHints":{"allow":["GET"]}}],"collection":[{"href":"https:\/\/www.crivellitraslochi.ch\/de\/wp-json\/wp\/v2\/pages"}],"about":[{"href":"https:\/\/www.crivellitraslochi.ch\/de\/wp-json\/wp\/v2\/types\/page"}],"author":[{"embeddable":true,"href":"https:\/\/www.crivellitraslochi.ch\/de\/wp-json\/wp\/v2\/users\/1"}],"replies":[{"embeddable":true,"href":"https:\/\/www.crivellitraslochi.ch\/de\/wp-json\/wp\/v2\/comments?post=2703"}],"version-history":[{"count":0,"href":"https:\/\/www.crivellitraslochi.ch\/de\/wp-json\/wp\/v2\/pages\/2703\/revisions"}],"up":[{"embeddable":true,"href":"https:\/\/www.crivellitraslochi.ch\/de\/wp-json\/wp\/v2\/pages\/2677"}],"wp:attachment":[{"href":"https:\/\/www.crivellitraslochi.ch\/de\/wp-json\/wp\/v2\/media?parent=2703"}],"curies":[{"name":"wp","href":"https:\/\/api.w.org\/{rel}","templated":true}]}}