{"id":2708,"date":"2016-01-21T16:20:52","date_gmt":"2016-01-21T16:20:52","guid":{"rendered":"http:\/\/www.crivellitraslochi.ch\/startseite\/"},"modified":"2022-08-22T14:39:06","modified_gmt":"2022-08-22T14:39:06","slug":"startseite","status":"publish","type":"page","link":"https:\/\/www.crivellitraslochi.ch\/de\/","title":{"rendered":"Startseite"},"content":{"rendered":"<div id=\"cs-content\" class=\"cs-content\"><\/div>\n","protected":false},"excerpt":{"rendered":"<p>Seit 1905AUCH DAS LETZTE DEINER OBJEKTE WIRD DAS ERSTE UNSERER GEDANKEN SEINUNSERE GESCHICHTESeit 1905AUCH DAS LETZTE DEINER OBJEKTE WIRD DAS ERSTE UNSERER GEDANKEN SEINUNSERE GESCHICHTEUmz\u00fcgeHausUmz\u00fcgeB\u00fcroUmz\u00fcgeinternationalUmz\u00fcgeHausUmz\u00fcgeB\u00fcroUmz\u00fcgeinternational\u00dcber unsCRIVELLI Trasporti &amp; Traslochi SA ist das Synonym f\u00fcr ein sicheres Umzugsunternehmen, f\u00fcr die Sorgfalt und Garantie, mit der Ihre Gegenst\u00e4nde transportiert werden, und geh\u00f6rt zu den renommiertesten Umzugsunternehmen in Lugano. Das Unternehmen wurde 1905 &#8230; <\/p>\n<div><a href=\"https:\/\/www.crivellitraslochi.ch\/de\/unkategorisiert\/3911\/\" class=\"more-link\">Read More<\/a><\/div>\n","protected":false},"author":1,"featured_media":0,"parent":0,"menu_order":0,"comment_status":"closed","ping_status":"closed","template":"template-blank-4.php","meta":{"footnotes":""},"class_list":["post-2708","page","type-page","status-publish","hentry","no-post-thumbnail"],"_links":{"self":[{"href":"https:\/\/www.crivellitraslochi.ch\/de\/wp-json\/wp\/v2\/pages\/2708","targetHints":{"allow":["GET"]}}],"collection":[{"href":"https:\/\/www.crivellitraslochi.ch\/de\/wp-json\/wp\/v2\/pages"}],"about":[{"href":"https:\/\/www.crivellitraslochi.ch\/de\/wp-json\/wp\/v2\/types\/page"}],"author":[{"embeddable":true,"href":"https:\/\/www.crivellitraslochi.ch\/de\/wp-json\/wp\/v2\/users\/1"}],"replies":[{"embeddable":true,"href":"https:\/\/www.crivellitraslochi.ch\/de\/wp-json\/wp\/v2\/comments?post=2708"}],"version-history":[{"count":0,"href":"https:\/\/www.crivellitraslochi.ch\/de\/wp-json\/wp\/v2\/pages\/2708\/revisions"}],"wp:attachment":[{"href":"https:\/\/www.crivellitraslochi.ch\/de\/wp-json\/wp\/v2\/media?parent=2708"}],"curies":[{"name":"wp","href":"https:\/\/api.w.org\/{rel}","templated":true}]}}