{"id":2709,"date":"2016-01-23T15:15:29","date_gmt":"2016-01-23T15:15:29","guid":{"rendered":"http:\/\/www.crivellitraslochi.ch\/dienstleistungen\/transport-von-kunstwerken\/"},"modified":"2022-07-28T13:49:15","modified_gmt":"2022-07-28T13:49:15","slug":"transport-von-kunstwerken","status":"publish","type":"page","link":"https:\/\/www.crivellitraslochi.ch\/de\/dienstleistungen\/transport-von-kunstwerken\/","title":{"rendered":"Transport von Kunstwerken"},"content":{"rendered":"<div id=\"cs-content\" class=\"cs-content\"><\/div>\n","protected":false},"excerpt":{"rendered":"<p>Transport von Kunstwerken Vertrauen Sie den Experten f\u00fcr Ihre MeisterwerkeDie Spezialisierung von Ditta Crivelli Traslochi bietet einen fortschrittlichen Service f\u00fcr den Umzug und den Transport von Kunstwerken, mit vertrauensw\u00fcrdigem Personal, das im Laufe der Zeit durch ein strenges Auswahlverfahren erworben wurde und heute im Bereich des Transports von Kunstwerken gut etabliert und hoch qualifiziert ist. Unsere exklusiven Spezialfahrzeuge, wie z.B.: &#8230; <\/p>\n<div><a href=\"https:\/\/www.crivellitraslochi.ch\/de\/unkategorisiert\/3911\/\" class=\"more-link\">Read More<\/a><\/div>\n","protected":false},"author":1,"featured_media":0,"parent":2702,"menu_order":0,"comment_status":"closed","ping_status":"closed","template":"template-blank-4.php","meta":{"footnotes":""},"class_list":["post-2709","page","type-page","status-publish","hentry","no-post-thumbnail"],"_links":{"self":[{"href":"https:\/\/www.crivellitraslochi.ch\/de\/wp-json\/wp\/v2\/pages\/2709","targetHints":{"allow":["GET"]}}],"collection":[{"href":"https:\/\/www.crivellitraslochi.ch\/de\/wp-json\/wp\/v2\/pages"}],"about":[{"href":"https:\/\/www.crivellitraslochi.ch\/de\/wp-json\/wp\/v2\/types\/page"}],"author":[{"embeddable":true,"href":"https:\/\/www.crivellitraslochi.ch\/de\/wp-json\/wp\/v2\/users\/1"}],"replies":[{"embeddable":true,"href":"https:\/\/www.crivellitraslochi.ch\/de\/wp-json\/wp\/v2\/comments?post=2709"}],"version-history":[{"count":0,"href":"https:\/\/www.crivellitraslochi.ch\/de\/wp-json\/wp\/v2\/pages\/2709\/revisions"}],"up":[{"embeddable":true,"href":"https:\/\/www.crivellitraslochi.ch\/de\/wp-json\/wp\/v2\/pages\/2702"}],"wp:attachment":[{"href":"https:\/\/www.crivellitraslochi.ch\/de\/wp-json\/wp\/v2\/media?parent=2709"}],"curies":[{"name":"wp","href":"https:\/\/api.w.org\/{rel}","templated":true}]}}