{"id":2715,"date":"2016-01-23T15:19:42","date_gmt":"2016-01-23T15:19:42","guid":{"rendered":"http:\/\/www.crivellitraslochi.ch\/dienstleistungen\/miete-von-umzugsmaterial\/"},"modified":"2022-07-28T13:57:06","modified_gmt":"2022-07-28T13:57:06","slug":"miete-von-umzugsmaterial","status":"publish","type":"page","link":"https:\/\/www.crivellitraslochi.ch\/de\/dienstleistungen\/miete-von-umzugsmaterial\/","title":{"rendered":"Miete von Umzugsmaterial"},"content":{"rendered":"<div id=\"cs-content\" class=\"cs-content\"><\/div>\n","protected":false},"excerpt":{"rendered":"<p>Miete von Umzugsmaterial Der Umzug? Crivelli hilft Ihnen von A bis Z Crivelli Traslochi bietet seine moderne und praktische Ausr\u00fcstung zur Miete an. F\u00fcr diejenigen, die es vorziehen, ihren Umzug selbst durchzuf\u00fchren, stellt das Unternehmen Leiterwagen und Hubarbeitsb\u00fchnen f\u00fcr alle Umzugsarbeiten zur Verf\u00fcgung, die Sie selbst durchf\u00fchren m\u00f6chten. Es stehen verschiedene H\u00f6hen und Kapazit\u00e4ten zur Verf\u00fcgung, f\u00fcr jeden Bedarf, von &#8230; <\/p>\n<div><a href=\"https:\/\/www.crivellitraslochi.ch\/de\/unkategorisiert\/3911\/\" class=\"more-link\">Read More<\/a><\/div>\n","protected":false},"author":1,"featured_media":0,"parent":2702,"menu_order":0,"comment_status":"closed","ping_status":"closed","template":"template-blank-4.php","meta":{"footnotes":""},"class_list":["post-2715","page","type-page","status-publish","hentry","no-post-thumbnail"],"_links":{"self":[{"href":"https:\/\/www.crivellitraslochi.ch\/de\/wp-json\/wp\/v2\/pages\/2715","targetHints":{"allow":["GET"]}}],"collection":[{"href":"https:\/\/www.crivellitraslochi.ch\/de\/wp-json\/wp\/v2\/pages"}],"about":[{"href":"https:\/\/www.crivellitraslochi.ch\/de\/wp-json\/wp\/v2\/types\/page"}],"author":[{"embeddable":true,"href":"https:\/\/www.crivellitraslochi.ch\/de\/wp-json\/wp\/v2\/users\/1"}],"replies":[{"embeddable":true,"href":"https:\/\/www.crivellitraslochi.ch\/de\/wp-json\/wp\/v2\/comments?post=2715"}],"version-history":[{"count":0,"href":"https:\/\/www.crivellitraslochi.ch\/de\/wp-json\/wp\/v2\/pages\/2715\/revisions"}],"up":[{"embeddable":true,"href":"https:\/\/www.crivellitraslochi.ch\/de\/wp-json\/wp\/v2\/pages\/2702"}],"wp:attachment":[{"href":"https:\/\/www.crivellitraslochi.ch\/de\/wp-json\/wp\/v2\/media?parent=2715"}],"curies":[{"name":"wp","href":"https:\/\/api.w.org\/{rel}","templated":true}]}}