{"id":2718,"date":"2016-01-23T14:48:22","date_gmt":"2016-01-23T14:48:22","guid":{"rendered":"http:\/\/www.crivellitraslochi.ch\/tipps\/haustiere\/"},"modified":"2022-07-28T13:36:47","modified_gmt":"2022-07-28T13:36:47","slug":"haustiere","status":"publish","type":"page","link":"https:\/\/www.crivellitraslochi.ch\/de\/tipps\/haustiere\/","title":{"rendered":"Haustiere"},"content":{"rendered":"<div id=\"cs-content\" class=\"cs-content\"><\/div>\n","protected":false},"excerpt":{"rendered":"<p>Haustiere Fido, Felix und all die anderen Haustiere sind in jeder Hinsicht ein Teil der Familie. Ihnen muss eine gewisse Aufmerksamkeit gewidmet werden. Auch sie haben praktische Bed\u00fcrfnisse und Empfindlichkeiten, die respektiert werden m\u00fcssen. Hunde F\u00fcr sie ist es sehr wichtig, immer in der N\u00e4he ihres Besitzers zu sein. Alles andere tritt in den Hintergrund. In den Vorbereitungstagen werden sie, &#8230; <\/p>\n<div><a href=\"https:\/\/www.crivellitraslochi.ch\/de\/unkategorisiert\/3911\/\" class=\"more-link\">Read More<\/a><\/div>\n","protected":false},"author":1,"featured_media":0,"parent":2677,"menu_order":0,"comment_status":"closed","ping_status":"closed","template":"template-blank-4.php","meta":{"footnotes":""},"class_list":["post-2718","page","type-page","status-publish","hentry","no-post-thumbnail"],"_links":{"self":[{"href":"https:\/\/www.crivellitraslochi.ch\/de\/wp-json\/wp\/v2\/pages\/2718","targetHints":{"allow":["GET"]}}],"collection":[{"href":"https:\/\/www.crivellitraslochi.ch\/de\/wp-json\/wp\/v2\/pages"}],"about":[{"href":"https:\/\/www.crivellitraslochi.ch\/de\/wp-json\/wp\/v2\/types\/page"}],"author":[{"embeddable":true,"href":"https:\/\/www.crivellitraslochi.ch\/de\/wp-json\/wp\/v2\/users\/1"}],"replies":[{"embeddable":true,"href":"https:\/\/www.crivellitraslochi.ch\/de\/wp-json\/wp\/v2\/comments?post=2718"}],"version-history":[{"count":0,"href":"https:\/\/www.crivellitraslochi.ch\/de\/wp-json\/wp\/v2\/pages\/2718\/revisions"}],"up":[{"embeddable":true,"href":"https:\/\/www.crivellitraslochi.ch\/de\/wp-json\/wp\/v2\/pages\/2677"}],"wp:attachment":[{"href":"https:\/\/www.crivellitraslochi.ch\/de\/wp-json\/wp\/v2\/media?parent=2718"}],"curies":[{"name":"wp","href":"https:\/\/api.w.org\/{rel}","templated":true}]}}