{"id":2721,"date":"2016-01-23T16:34:32","date_gmt":"2016-01-23T16:34:32","guid":{"rendered":"http:\/\/www.crivellitraslochi.ch\/reinigungsdienst\/"},"modified":"2022-07-28T13:54:12","modified_gmt":"2022-07-28T13:54:12","slug":"reinigungsdienst","status":"publish","type":"page","link":"https:\/\/www.crivellitraslochi.ch\/de\/reinigungsdienst\/","title":{"rendered":"Reinigungsdienst"},"content":{"rendered":"<div id=\"cs-content\" class=\"cs-content\"><\/div>\n","protected":false},"excerpt":{"rendered":"<p>Reinigungsdienst Reinigung der alten Wohnung Ein Umzug bedeutet auch, sich um die Reinigung der alten Wohnung zu k\u00fcmmern. Unser Unternehmen bietet diesen Service an, unsere Mitarbeiter&nbsp; greifen ein, sobald der Umzug abgeschlossen ist, und k\u00fcmmern sich um die komplette Reinigung mit professionellen Produkten und garantieren eine &#8222;schmerzfreie&#8220; \u00dcbergabe. Fordern Sie bei der Besichtigung der R\u00e4umlichkeiten f\u00fcr den Kostenvoranschlag Ihres Umzugs &#8230; <\/p>\n<div><a href=\"https:\/\/www.crivellitraslochi.ch\/de\/unkategorisiert\/3911\/\" class=\"more-link\">Read More<\/a><\/div>\n","protected":false},"author":1,"featured_media":0,"parent":0,"menu_order":0,"comment_status":"closed","ping_status":"closed","template":"template-blank-4.php","meta":{"footnotes":""},"class_list":["post-2721","page","type-page","status-publish","hentry","no-post-thumbnail"],"_links":{"self":[{"href":"https:\/\/www.crivellitraslochi.ch\/de\/wp-json\/wp\/v2\/pages\/2721","targetHints":{"allow":["GET"]}}],"collection":[{"href":"https:\/\/www.crivellitraslochi.ch\/de\/wp-json\/wp\/v2\/pages"}],"about":[{"href":"https:\/\/www.crivellitraslochi.ch\/de\/wp-json\/wp\/v2\/types\/page"}],"author":[{"embeddable":true,"href":"https:\/\/www.crivellitraslochi.ch\/de\/wp-json\/wp\/v2\/users\/1"}],"replies":[{"embeddable":true,"href":"https:\/\/www.crivellitraslochi.ch\/de\/wp-json\/wp\/v2\/comments?post=2721"}],"version-history":[{"count":0,"href":"https:\/\/www.crivellitraslochi.ch\/de\/wp-json\/wp\/v2\/pages\/2721\/revisions"}],"wp:attachment":[{"href":"https:\/\/www.crivellitraslochi.ch\/de\/wp-json\/wp\/v2\/media?parent=2721"}],"curies":[{"name":"wp","href":"https:\/\/api.w.org\/{rel}","templated":true}]}}