{"id":2727,"date":"2016-01-23T15:25:41","date_gmt":"2016-01-23T15:25:41","guid":{"rendered":"http:\/\/www.crivellitraslochi.ch\/dienstleistungen\/versicherung\/"},"modified":"2022-07-28T14:01:16","modified_gmt":"2022-07-28T14:01:16","slug":"versicherung","status":"publish","type":"page","link":"https:\/\/www.crivellitraslochi.ch\/de\/dienstleistungen\/versicherung\/","title":{"rendered":"Versicherung"},"content":{"rendered":"<div id=\"cs-content\" class=\"cs-content\"><\/div>\n","protected":false},"excerpt":{"rendered":"<p>Versicherung Der Seelenfrieden der Kunden steht f\u00fcr ein Umzugsunternehmen an erster Stelle Der Seelenfrieden der Kunden steht f\u00fcr ein Umzugsunternehmen an erster Stelle. Aus diesem Grund f\u00fchrt Crivelli Traslochi Umz\u00fcge aller Art f\u00fcr B\u00fcros, Privathaushalte, \u00f6ffentliche Einrichtungen und Unternehmen durch, mit einer vollst\u00e4ndigen Versicherung , die alle direkten und indirekten Risiken bei der Handhabung und Lagerung von M\u00f6beln und Ausr\u00fcstung &#8230; <\/p>\n<div><a href=\"https:\/\/www.crivellitraslochi.ch\/de\/unkategorisiert\/3911\/\" class=\"more-link\">Read More<\/a><\/div>\n","protected":false},"author":1,"featured_media":0,"parent":2702,"menu_order":0,"comment_status":"closed","ping_status":"closed","template":"template-blank-4.php","meta":{"footnotes":""},"class_list":["post-2727","page","type-page","status-publish","hentry","no-post-thumbnail"],"_links":{"self":[{"href":"https:\/\/www.crivellitraslochi.ch\/de\/wp-json\/wp\/v2\/pages\/2727","targetHints":{"allow":["GET"]}}],"collection":[{"href":"https:\/\/www.crivellitraslochi.ch\/de\/wp-json\/wp\/v2\/pages"}],"about":[{"href":"https:\/\/www.crivellitraslochi.ch\/de\/wp-json\/wp\/v2\/types\/page"}],"author":[{"embeddable":true,"href":"https:\/\/www.crivellitraslochi.ch\/de\/wp-json\/wp\/v2\/users\/1"}],"replies":[{"embeddable":true,"href":"https:\/\/www.crivellitraslochi.ch\/de\/wp-json\/wp\/v2\/comments?post=2727"}],"version-history":[{"count":0,"href":"https:\/\/www.crivellitraslochi.ch\/de\/wp-json\/wp\/v2\/pages\/2727\/revisions"}],"up":[{"embeddable":true,"href":"https:\/\/www.crivellitraslochi.ch\/de\/wp-json\/wp\/v2\/pages\/2702"}],"wp:attachment":[{"href":"https:\/\/www.crivellitraslochi.ch\/de\/wp-json\/wp\/v2\/media?parent=2727"}],"curies":[{"name":"wp","href":"https:\/\/api.w.org\/{rel}","templated":true}]}}