{"id":2730,"date":"2016-01-23T16:22:44","date_gmt":"2016-01-23T16:22:44","guid":{"rendered":"http:\/\/www.crivellitraslochi.ch\/dienstleistungen\/hilfe-beim-umzug\/"},"modified":"2022-07-28T13:55:08","modified_gmt":"2022-07-28T13:55:08","slug":"hilfe-beim-umzug","status":"publish","type":"page","link":"https:\/\/www.crivellitraslochi.ch\/de\/dienstleistungen\/hilfe-beim-umzug\/","title":{"rendered":"Hilfe beim Umzug"},"content":{"rendered":"<div id=\"cs-content\" class=\"cs-content\"><\/div>\n","protected":false},"excerpt":{"rendered":"<p>Hilfe beim Umzug Effiziente Verpackung Im Laufe seiner langj\u00e4hrigen T\u00e4tigkeit hat Crivelli mit einer breiten Palette von Beh\u00e4ltern und Verpackungsmaterialien experimentiert und diejenigen ausgew\u00e4hlt und \u00fcbernommen, die den Kriterien der Zweckm\u00e4\u00dfigkeit, Hygiene und Wirtschaftlichkeit am besten entsprechen. Der Kunde, der sich daf\u00fcr entscheidet, die M\u00f6bel und pers\u00f6nlichen Gegenst\u00e4nde selbst zu verpacken, erh\u00e4lt von Crivelli alle notwendigen Beh\u00e4ltnisse und Materialien, damit &#8230; <\/p>\n<div><a href=\"https:\/\/www.crivellitraslochi.ch\/de\/unkategorisiert\/3911\/\" class=\"more-link\">Read More<\/a><\/div>\n","protected":false},"author":1,"featured_media":0,"parent":2702,"menu_order":0,"comment_status":"closed","ping_status":"closed","template":"template-blank-4.php","meta":{"footnotes":""},"class_list":["post-2730","page","type-page","status-publish","hentry","no-post-thumbnail"],"_links":{"self":[{"href":"https:\/\/www.crivellitraslochi.ch\/de\/wp-json\/wp\/v2\/pages\/2730","targetHints":{"allow":["GET"]}}],"collection":[{"href":"https:\/\/www.crivellitraslochi.ch\/de\/wp-json\/wp\/v2\/pages"}],"about":[{"href":"https:\/\/www.crivellitraslochi.ch\/de\/wp-json\/wp\/v2\/types\/page"}],"author":[{"embeddable":true,"href":"https:\/\/www.crivellitraslochi.ch\/de\/wp-json\/wp\/v2\/users\/1"}],"replies":[{"embeddable":true,"href":"https:\/\/www.crivellitraslochi.ch\/de\/wp-json\/wp\/v2\/comments?post=2730"}],"version-history":[{"count":0,"href":"https:\/\/www.crivellitraslochi.ch\/de\/wp-json\/wp\/v2\/pages\/2730\/revisions"}],"up":[{"embeddable":true,"href":"https:\/\/www.crivellitraslochi.ch\/de\/wp-json\/wp\/v2\/pages\/2702"}],"wp:attachment":[{"href":"https:\/\/www.crivellitraslochi.ch\/de\/wp-json\/wp\/v2\/media?parent=2730"}],"curies":[{"name":"wp","href":"https:\/\/api.w.org\/{rel}","templated":true}]}}