{"id":2732,"date":"2016-01-24T10:33:05","date_gmt":"2016-01-24T10:33:05","guid":{"rendered":"http:\/\/www.crivellitraslochi.ch\/dienstleistungen\/umzuge-auf-dem-seeweg\/"},"modified":"2022-07-28T13:42:14","modified_gmt":"2022-07-28T13:42:14","slug":"umzuge-auf-dem-seeweg","status":"publish","type":"page","link":"https:\/\/www.crivellitraslochi.ch\/de\/dienstleistungen\/umzuge-auf-dem-seeweg\/","title":{"rendered":"Umz\u00fcge auf dem Seeweg"},"content":{"rendered":"<div id=\"cs-content\" class=\"cs-content\"><\/div>\n","protected":false},"excerpt":{"rendered":"<p>Umz\u00fcge auf dem Seeweg F\u00fcr internationale oder interkontinentale Umz\u00fcge Eine der h\u00e4ufigsten Fragen, die uns von Kunden gestellt wird, die einen internationalen oder interkontinentalen&nbsp;Umzug durchf\u00fchren m\u00fcssen, lautet: Wie viel kostet der&nbsp; Container &nbsp;f\u00fcr das von mir gew\u00e4hlte Reiseziel? Wenn es darum geht&nbsp;internationalen Umz\u00fcgen&nbsp;, die einen Seetransport beinhalten&nbsp;, ist es unm\u00f6glich, eine&nbsp;Festkosten, und sei es nur, um dem Kunden eine Referenz &#8230; <\/p>\n<div><a href=\"https:\/\/www.crivellitraslochi.ch\/de\/unkategorisiert\/3911\/\" class=\"more-link\">Read More<\/a><\/div>\n","protected":false},"author":1,"featured_media":0,"parent":2702,"menu_order":0,"comment_status":"closed","ping_status":"closed","template":"template-blank-4.php","meta":{"footnotes":""},"class_list":["post-2732","page","type-page","status-publish","hentry","no-post-thumbnail"],"_links":{"self":[{"href":"https:\/\/www.crivellitraslochi.ch\/de\/wp-json\/wp\/v2\/pages\/2732","targetHints":{"allow":["GET"]}}],"collection":[{"href":"https:\/\/www.crivellitraslochi.ch\/de\/wp-json\/wp\/v2\/pages"}],"about":[{"href":"https:\/\/www.crivellitraslochi.ch\/de\/wp-json\/wp\/v2\/types\/page"}],"author":[{"embeddable":true,"href":"https:\/\/www.crivellitraslochi.ch\/de\/wp-json\/wp\/v2\/users\/1"}],"replies":[{"embeddable":true,"href":"https:\/\/www.crivellitraslochi.ch\/de\/wp-json\/wp\/v2\/comments?post=2732"}],"version-history":[{"count":0,"href":"https:\/\/www.crivellitraslochi.ch\/de\/wp-json\/wp\/v2\/pages\/2732\/revisions"}],"up":[{"embeddable":true,"href":"https:\/\/www.crivellitraslochi.ch\/de\/wp-json\/wp\/v2\/pages\/2702"}],"wp:attachment":[{"href":"https:\/\/www.crivellitraslochi.ch\/de\/wp-json\/wp\/v2\/media?parent=2732"}],"curies":[{"name":"wp","href":"https:\/\/api.w.org\/{rel}","templated":true}]}}