{"id":2743,"date":"2016-02-03T17:03:38","date_gmt":"2016-02-03T17:03:38","guid":{"rendered":"http:\/\/www.crivellitraslochi.ch\/dienstleistungen\/raumungsdienst\/"},"modified":"2022-07-28T13:50:07","modified_gmt":"2022-07-28T13:50:07","slug":"raumungsdienst","status":"publish","type":"page","link":"https:\/\/www.crivellitraslochi.ch\/de\/dienstleistungen\/raumungsdienst\/","title":{"rendered":"R\u00e4umungsdienst"},"content":{"rendered":"<div id=\"cs-content\" class=\"cs-content\"><\/div>\n","protected":false},"excerpt":{"rendered":"<p>R\u00e4umungsdienst Crivelli bietet einen sehr n\u00fctzlichen Service f\u00fcr diejenigen, die nicht wissen, wie sie das Material loswerden sollen, das oft jahre- oder jahrzehntelang in Wohnungen oder Kellern lagert. Entr\u00fcmpeln ist in der Tat eine m\u00fchsame, zeitraubende Aufgabe, und in unserer hektischen Gesellschaft ist Zeit fast ein Luxus. H\u00f6flichkeit, Qualit\u00e4t und Transparenz sind die Merkmale unserer Arbeit: Nach einer Kontaktaufnahme und &#8230; <\/p>\n<div><a href=\"https:\/\/www.crivellitraslochi.ch\/de\/unkategorisiert\/3911\/\" class=\"more-link\">Read More<\/a><\/div>\n","protected":false},"author":1,"featured_media":0,"parent":2702,"menu_order":0,"comment_status":"closed","ping_status":"closed","template":"template-blank-4.php","meta":{"footnotes":""},"class_list":["post-2743","page","type-page","status-publish","hentry","no-post-thumbnail"],"_links":{"self":[{"href":"https:\/\/www.crivellitraslochi.ch\/de\/wp-json\/wp\/v2\/pages\/2743","targetHints":{"allow":["GET"]}}],"collection":[{"href":"https:\/\/www.crivellitraslochi.ch\/de\/wp-json\/wp\/v2\/pages"}],"about":[{"href":"https:\/\/www.crivellitraslochi.ch\/de\/wp-json\/wp\/v2\/types\/page"}],"author":[{"embeddable":true,"href":"https:\/\/www.crivellitraslochi.ch\/de\/wp-json\/wp\/v2\/users\/1"}],"replies":[{"embeddable":true,"href":"https:\/\/www.crivellitraslochi.ch\/de\/wp-json\/wp\/v2\/comments?post=2743"}],"version-history":[{"count":0,"href":"https:\/\/www.crivellitraslochi.ch\/de\/wp-json\/wp\/v2\/pages\/2743\/revisions"}],"up":[{"embeddable":true,"href":"https:\/\/www.crivellitraslochi.ch\/de\/wp-json\/wp\/v2\/pages\/2702"}],"wp:attachment":[{"href":"https:\/\/www.crivellitraslochi.ch\/de\/wp-json\/wp\/v2\/media?parent=2743"}],"curies":[{"name":"wp","href":"https:\/\/api.w.org\/{rel}","templated":true}]}}