{"id":2747,"date":"2016-02-03T17:10:40","date_gmt":"2016-02-03T17:10:40","guid":{"rendered":"http:\/\/www.crivellitraslochi.ch\/dienstleistungen\/klavier-transport\/"},"modified":"2022-08-22T14:37:26","modified_gmt":"2022-08-22T14:37:26","slug":"klavier-transport","status":"publish","type":"page","link":"https:\/\/www.crivellitraslochi.ch\/de\/dienstleistungen\/klavier-transport\/","title":{"rendered":"Klavier-Transport"},"content":{"rendered":"<div id=\"cs-content\" class=\"cs-content\"><\/div>\n","protected":false},"excerpt":{"rendered":"<p>Klavier-Transport Das Klavier ist ein sehr wertvolles und gleicherma\u00dfen empfindliches, schweres und unhandliches Gut. Daher ist es f\u00fcr den Transport von gr\u00f6\u00dfter Bedeutung, sich an ein spezialisiertes Unternehmen zu wenden, das den Umzug mit Kompetenz und Sorgfalt durchf\u00fchrt. Unser Unternehmen ist ein Fachbetrieb mit langj\u00e4hriger Erfahrung im Umzug von sperrigen Musikinstrumenten.<\/p>\n","protected":false},"author":1,"featured_media":0,"parent":2702,"menu_order":0,"comment_status":"closed","ping_status":"closed","template":"template-blank-4.php","meta":{"footnotes":""},"class_list":["post-2747","page","type-page","status-publish","hentry","no-post-thumbnail"],"_links":{"self":[{"href":"https:\/\/www.crivellitraslochi.ch\/de\/wp-json\/wp\/v2\/pages\/2747","targetHints":{"allow":["GET"]}}],"collection":[{"href":"https:\/\/www.crivellitraslochi.ch\/de\/wp-json\/wp\/v2\/pages"}],"about":[{"href":"https:\/\/www.crivellitraslochi.ch\/de\/wp-json\/wp\/v2\/types\/page"}],"author":[{"embeddable":true,"href":"https:\/\/www.crivellitraslochi.ch\/de\/wp-json\/wp\/v2\/users\/1"}],"replies":[{"embeddable":true,"href":"https:\/\/www.crivellitraslochi.ch\/de\/wp-json\/wp\/v2\/comments?post=2747"}],"version-history":[{"count":0,"href":"https:\/\/www.crivellitraslochi.ch\/de\/wp-json\/wp\/v2\/pages\/2747\/revisions"}],"up":[{"embeddable":true,"href":"https:\/\/www.crivellitraslochi.ch\/de\/wp-json\/wp\/v2\/pages\/2702"}],"wp:attachment":[{"href":"https:\/\/www.crivellitraslochi.ch\/de\/wp-json\/wp\/v2\/media?parent=2747"}],"curies":[{"name":"wp","href":"https:\/\/api.w.org\/{rel}","templated":true}]}}