{"id":2663,"date":"2015-06-01T04:41:48","date_gmt":"2015-06-01T04:41:48","guid":{"rendered":"http:\/\/www.crivellitraslochi.ch\/demenager-votre-maison\/"},"modified":"2022-08-22T14:15:09","modified_gmt":"2022-08-22T14:15:09","slug":"demenager-votre-maison","status":"publish","type":"page","link":"https:\/\/www.crivellitraslochi.ch\/fr\/services\/demenager-votre-maison\/","title":{"rendered":"D\u00e9m\u00e9nager votre maison"},"content":{"rendered":"<div id=\"cs-content\" class=\"cs-content\"><\/div>\n","protected":false},"excerpt":{"rendered":"<p>D\u00e9m\u00e9nager votre maison Nous facilitons votre d\u00e9m\u00e9nagement La qualit\u00e9 d&rsquo;un d\u00e9m\u00e9nagement d\u00e9pend en grande partie du soin avec lequel il est pr\u00e9par\u00e9. C&rsquo;est pr\u00e9cis\u00e9ment \u00e0 ce stade que CRIVELLI exprime pleinement son professionnalisme. Une inspection pr\u00e9cise effectu\u00e9e par du personnel technique exp\u00e9riment\u00e9 est indispensable pour v\u00e9rifier les particularit\u00e9s du mobilier et de l&rsquo;ameublement et pour \u00e9valuer les probl\u00e8mes, \u00e9galement en &#8230; <\/p>\n<div><a href=\"https:\/\/www.crivellitraslochi.ch\/fr\/non-classifiee\/3905\/\" class=\"more-link\">Read More<\/a><\/div>\n","protected":false},"author":1,"featured_media":0,"parent":2699,"menu_order":0,"comment_status":"open","ping_status":"open","template":"template-blank-4.php","meta":{"footnotes":""},"class_list":["post-2663","page","type-page","status-publish","hentry","no-post-thumbnail"],"_links":{"self":[{"href":"https:\/\/www.crivellitraslochi.ch\/fr\/wp-json\/wp\/v2\/pages\/2663","targetHints":{"allow":["GET"]}}],"collection":[{"href":"https:\/\/www.crivellitraslochi.ch\/fr\/wp-json\/wp\/v2\/pages"}],"about":[{"href":"https:\/\/www.crivellitraslochi.ch\/fr\/wp-json\/wp\/v2\/types\/page"}],"author":[{"embeddable":true,"href":"https:\/\/www.crivellitraslochi.ch\/fr\/wp-json\/wp\/v2\/users\/1"}],"replies":[{"embeddable":true,"href":"https:\/\/www.crivellitraslochi.ch\/fr\/wp-json\/wp\/v2\/comments?post=2663"}],"version-history":[{"count":0,"href":"https:\/\/www.crivellitraslochi.ch\/fr\/wp-json\/wp\/v2\/pages\/2663\/revisions"}],"up":[{"embeddable":true,"href":"https:\/\/www.crivellitraslochi.ch\/fr\/wp-json\/wp\/v2\/pages\/2699"}],"wp:attachment":[{"href":"https:\/\/www.crivellitraslochi.ch\/fr\/wp-json\/wp\/v2\/media?parent=2663"}],"curies":[{"name":"wp","href":"https:\/\/api.w.org\/{rel}","templated":true}]}}