{"id":2678,"date":"2015-06-01T10:43:55","date_gmt":"2015-06-01T10:43:55","guid":{"rendered":"http:\/\/www.crivellitraslochi.ch\/materiaux-demballage\/"},"modified":"2022-07-28T13:59:15","modified_gmt":"2022-07-28T13:59:15","slug":"materiaux-demballage","status":"publish","type":"page","link":"https:\/\/www.crivellitraslochi.ch\/fr\/services\/materiaux-demballage\/","title":{"rendered":"Mat\u00e9riaux d&#8217;emballage"},"content":{"rendered":"<div id=\"cs-content\" class=\"cs-content\"><\/div>\n","protected":false},"excerpt":{"rendered":"<p>Mat\u00e9riaux d&#8217;emballage Crivelli accorde une attention particuli\u00e8re \u00e0 l&rsquo;ad\u00e9quation du mat\u00e9riel d&#8217;emballage et fournit des cartons (de diff\u00e9rentes tailles et avec des caract\u00e9ristiques sp\u00e9cifiques) pour les livres et les objets fragiles, pour les v\u00eatements et le mat\u00e9riel l\u00e9ger et pour les v\u00eatements suspendus. Pour prot\u00e9ger davantage les objets d\u00e9licats tels que la vaisselle et la verrerie, on utilise du papier &#8230; <\/p>\n<div><a href=\"https:\/\/www.crivellitraslochi.ch\/fr\/non-classifiee\/3905\/\" class=\"more-link\">Read More<\/a><\/div>\n","protected":false},"author":1,"featured_media":0,"parent":2699,"menu_order":0,"comment_status":"open","ping_status":"open","template":"template-blank-4.php","meta":{"footnotes":""},"class_list":["post-2678","page","type-page","status-publish","hentry","no-post-thumbnail"],"_links":{"self":[{"href":"https:\/\/www.crivellitraslochi.ch\/fr\/wp-json\/wp\/v2\/pages\/2678","targetHints":{"allow":["GET"]}}],"collection":[{"href":"https:\/\/www.crivellitraslochi.ch\/fr\/wp-json\/wp\/v2\/pages"}],"about":[{"href":"https:\/\/www.crivellitraslochi.ch\/fr\/wp-json\/wp\/v2\/types\/page"}],"author":[{"embeddable":true,"href":"https:\/\/www.crivellitraslochi.ch\/fr\/wp-json\/wp\/v2\/users\/1"}],"replies":[{"embeddable":true,"href":"https:\/\/www.crivellitraslochi.ch\/fr\/wp-json\/wp\/v2\/comments?post=2678"}],"version-history":[{"count":0,"href":"https:\/\/www.crivellitraslochi.ch\/fr\/wp-json\/wp\/v2\/pages\/2678\/revisions"}],"up":[{"embeddable":true,"href":"https:\/\/www.crivellitraslochi.ch\/fr\/wp-json\/wp\/v2\/pages\/2699"}],"wp:attachment":[{"href":"https:\/\/www.crivellitraslochi.ch\/fr\/wp-json\/wp\/v2\/media?parent=2678"}],"curies":[{"name":"wp","href":"https:\/\/api.w.org\/{rel}","templated":true}]}}