{"id":2683,"date":"2015-06-02T07:43:35","date_gmt":"2015-06-02T07:43:35","guid":{"rendered":"http:\/\/www.crivellitraslochi.ch\/flotte-de-vehicules\/"},"modified":"2022-07-28T13:58:06","modified_gmt":"2022-07-28T13:58:06","slug":"flotte-de-vehicules","status":"publish","type":"page","link":"https:\/\/www.crivellitraslochi.ch\/fr\/services\/flotte-de-vehicules\/","title":{"rendered":"Flotte de v\u00e9hicules"},"content":{"rendered":"<div id=\"cs-content\" class=\"cs-content\"><\/div>\n","protected":false},"excerpt":{"rendered":"<p>Flotte de v\u00e9hicules Les d\u00e9m\u00e9nagements Crivelli vous donnent l&rsquo;espace dont vous avez besoinParc de v\u00e9hicules Crivelli dispose d&rsquo;un parc de v\u00e9hicules technologiquement avanc\u00e9s, con\u00e7us pour r\u00e9pondre \u00e0 tous les besoins des clients, m\u00eame dans des situations qui peuvent sembler insolubles.Pour atteindre les \u00e9tages les plus \u00e9lev\u00e9s, par exemple, les nacelles peuvent atteindre une hauteur de 45 m\u00e8tres, tandis que les &#8230; <\/p>\n<div><a href=\"https:\/\/www.crivellitraslochi.ch\/fr\/non-classifiee\/3905\/\" class=\"more-link\">Read More<\/a><\/div>\n","protected":false},"author":1,"featured_media":0,"parent":2699,"menu_order":0,"comment_status":"open","ping_status":"open","template":"template-blank-4.php","meta":{"footnotes":""},"class_list":["post-2683","page","type-page","status-publish","hentry","no-post-thumbnail"],"_links":{"self":[{"href":"https:\/\/www.crivellitraslochi.ch\/fr\/wp-json\/wp\/v2\/pages\/2683","targetHints":{"allow":["GET"]}}],"collection":[{"href":"https:\/\/www.crivellitraslochi.ch\/fr\/wp-json\/wp\/v2\/pages"}],"about":[{"href":"https:\/\/www.crivellitraslochi.ch\/fr\/wp-json\/wp\/v2\/types\/page"}],"author":[{"embeddable":true,"href":"https:\/\/www.crivellitraslochi.ch\/fr\/wp-json\/wp\/v2\/users\/1"}],"replies":[{"embeddable":true,"href":"https:\/\/www.crivellitraslochi.ch\/fr\/wp-json\/wp\/v2\/comments?post=2683"}],"version-history":[{"count":0,"href":"https:\/\/www.crivellitraslochi.ch\/fr\/wp-json\/wp\/v2\/pages\/2683\/revisions"}],"up":[{"embeddable":true,"href":"https:\/\/www.crivellitraslochi.ch\/fr\/wp-json\/wp\/v2\/pages\/2699"}],"wp:attachment":[{"href":"https:\/\/www.crivellitraslochi.ch\/fr\/wp-json\/wp\/v2\/media?parent=2683"}],"curies":[{"name":"wp","href":"https:\/\/api.w.org\/{rel}","templated":true}]}}