{"id":2684,"date":"2015-06-01T09:24:02","date_gmt":"2015-06-01T09:24:02","guid":{"rendered":"http:\/\/www.crivellitraslochi.ch\/demenagements-internationaux\/"},"modified":"2022-08-22T14:19:36","modified_gmt":"2022-08-22T14:19:36","slug":"demenagements-internationaux","status":"publish","type":"page","link":"https:\/\/www.crivellitraslochi.ch\/fr\/services\/demenagements-internationaux\/","title":{"rendered":"D\u00e9m\u00e9nagements internationaux"},"content":{"rendered":"<div id=\"cs-content\" class=\"cs-content\"><\/div>\n","protected":false},"excerpt":{"rendered":"<p>D\u00e9m\u00e9nagements internationaux Vous d\u00e9m\u00e9nagez \u00e0 l&rsquo;\u00e9tranger ? Les d\u00e9m\u00e9nagements Crivelli peuvent vous aiderEn plus des d\u00e9m\u00e9nagements nationaux, Crivelli g\u00e8re avec succ\u00e8s un service international depuis de nombreuses ann\u00e9es. Actuellement, avec ses propres moyens, elle atteint n&rsquo;importe quel endroit en Europe et dans les pays voisins qui peut \u00eatre atteint par voie terrestre ou par ferry. Pour les pays au-del\u00e0 de &#8230; <\/p>\n<div><a href=\"https:\/\/www.crivellitraslochi.ch\/fr\/non-classifiee\/3905\/\" class=\"more-link\">Read More<\/a><\/div>\n","protected":false},"author":1,"featured_media":0,"parent":2699,"menu_order":0,"comment_status":"open","ping_status":"open","template":"template-blank-4.php","meta":{"footnotes":""},"class_list":["post-2684","page","type-page","status-publish","hentry","no-post-thumbnail"],"_links":{"self":[{"href":"https:\/\/www.crivellitraslochi.ch\/fr\/wp-json\/wp\/v2\/pages\/2684","targetHints":{"allow":["GET"]}}],"collection":[{"href":"https:\/\/www.crivellitraslochi.ch\/fr\/wp-json\/wp\/v2\/pages"}],"about":[{"href":"https:\/\/www.crivellitraslochi.ch\/fr\/wp-json\/wp\/v2\/types\/page"}],"author":[{"embeddable":true,"href":"https:\/\/www.crivellitraslochi.ch\/fr\/wp-json\/wp\/v2\/users\/1"}],"replies":[{"embeddable":true,"href":"https:\/\/www.crivellitraslochi.ch\/fr\/wp-json\/wp\/v2\/comments?post=2684"}],"version-history":[{"count":0,"href":"https:\/\/www.crivellitraslochi.ch\/fr\/wp-json\/wp\/v2\/pages\/2684\/revisions"}],"up":[{"embeddable":true,"href":"https:\/\/www.crivellitraslochi.ch\/fr\/wp-json\/wp\/v2\/pages\/2699"}],"wp:attachment":[{"href":"https:\/\/www.crivellitraslochi.ch\/fr\/wp-json\/wp\/v2\/media?parent=2684"}],"curies":[{"name":"wp","href":"https:\/\/api.w.org\/{rel}","templated":true}]}}