{"id":2688,"date":"2015-06-02T10:17:03","date_gmt":"2015-06-02T10:17:03","guid":{"rendered":"http:\/\/www.crivellitraslochi.ch\/a-propos-de-nous\/"},"modified":"2022-07-28T13:28:10","modified_gmt":"2022-07-28T13:28:10","slug":"a-propos-de-nous","status":"publish","type":"page","link":"https:\/\/www.crivellitraslochi.ch\/fr\/a-propos-de-nous\/","title":{"rendered":"A propos de nous"},"content":{"rendered":"<div id=\"cs-content\" class=\"cs-content\"><\/div>\n","protected":false},"excerpt":{"rendered":"<p>L&rsquo;art du d\u00e9m\u00e9nagement depuis 1905 \u00e0 Lugano M\u00eame le dernier de vos objets sera le premier de nos pens\u00e9es. Gr\u00e2ce \u00e0 son indiscutable professionnalisme, Crivelli Trasporti &amp; Traslochi SA est synonyme de fiabilit\u00e9 pour le soin et la garantie avec lesquels vos objets sont transport\u00e9s et figure parmi les entreprises de d\u00e9m\u00e9nagement les plus renomm\u00e9es de Lugano. Fond\u00e9e en 1905 &#8230; <\/p>\n<div><a href=\"https:\/\/www.crivellitraslochi.ch\/fr\/non-classifiee\/3905\/\" class=\"more-link\">Read More<\/a><\/div>\n","protected":false},"author":1,"featured_media":0,"parent":0,"menu_order":0,"comment_status":"closed","ping_status":"open","template":"template-blank-4.php","meta":{"footnotes":""},"class_list":["post-2688","page","type-page","status-publish","hentry","no-post-thumbnail"],"_links":{"self":[{"href":"https:\/\/www.crivellitraslochi.ch\/fr\/wp-json\/wp\/v2\/pages\/2688","targetHints":{"allow":["GET"]}}],"collection":[{"href":"https:\/\/www.crivellitraslochi.ch\/fr\/wp-json\/wp\/v2\/pages"}],"about":[{"href":"https:\/\/www.crivellitraslochi.ch\/fr\/wp-json\/wp\/v2\/types\/page"}],"author":[{"embeddable":true,"href":"https:\/\/www.crivellitraslochi.ch\/fr\/wp-json\/wp\/v2\/users\/1"}],"replies":[{"embeddable":true,"href":"https:\/\/www.crivellitraslochi.ch\/fr\/wp-json\/wp\/v2\/comments?post=2688"}],"version-history":[{"count":0,"href":"https:\/\/www.crivellitraslochi.ch\/fr\/wp-json\/wp\/v2\/pages\/2688\/revisions"}],"wp:attachment":[{"href":"https:\/\/www.crivellitraslochi.ch\/fr\/wp-json\/wp\/v2\/media?parent=2688"}],"curies":[{"name":"wp","href":"https:\/\/api.w.org\/{rel}","templated":true}]}}