{"id":2691,"date":"2016-01-23T13:27:54","date_gmt":"2016-01-23T13:27:54","guid":{"rendered":"http:\/\/www.crivellitraslochi.ch\/conseils\/choisir-une-entreprise-de-demenagement\/"},"modified":"2022-07-28T13:26:31","modified_gmt":"2022-07-28T13:26:31","slug":"choisir-une-entreprise-de-demenagement","status":"publish","type":"page","link":"https:\/\/www.crivellitraslochi.ch\/fr\/conseils\/choisir-une-entreprise-de-demenagement\/","title":{"rendered":"Choisir une entreprise de d\u00e9m\u00e9nagement"},"content":{"rendered":"<div id=\"cs-content\" class=\"cs-content\"><\/div>\n","protected":false},"excerpt":{"rendered":"<p>Choisir une entreprise de d\u00e9m\u00e9nagement Comment choisir une entreprise de d\u00e9m\u00e9nagementContactez une entreprise de d\u00e9m\u00e9nagement qui a les bonnes exigences et qui r\u00e9pond \u00e0 vos besoins en vous offrant un bon rapport qualit\u00e9-prix. Contactez-nous : nous vous proposerons nos services au prix le plus bas. Demandez un devis \u00e9crit Notre soci\u00e9t\u00e9 vous enverra le devis dans les 24 heures, par &#8230; <\/p>\n<div><a href=\"https:\/\/www.crivellitraslochi.ch\/fr\/non-classifiee\/3905\/\" class=\"more-link\">Read More<\/a><\/div>\n","protected":false},"author":1,"featured_media":0,"parent":2680,"menu_order":0,"comment_status":"closed","ping_status":"closed","template":"template-blank-4.php","meta":{"footnotes":""},"class_list":["post-2691","page","type-page","status-publish","hentry","no-post-thumbnail"],"_links":{"self":[{"href":"https:\/\/www.crivellitraslochi.ch\/fr\/wp-json\/wp\/v2\/pages\/2691","targetHints":{"allow":["GET"]}}],"collection":[{"href":"https:\/\/www.crivellitraslochi.ch\/fr\/wp-json\/wp\/v2\/pages"}],"about":[{"href":"https:\/\/www.crivellitraslochi.ch\/fr\/wp-json\/wp\/v2\/types\/page"}],"author":[{"embeddable":true,"href":"https:\/\/www.crivellitraslochi.ch\/fr\/wp-json\/wp\/v2\/users\/1"}],"replies":[{"embeddable":true,"href":"https:\/\/www.crivellitraslochi.ch\/fr\/wp-json\/wp\/v2\/comments?post=2691"}],"version-history":[{"count":0,"href":"https:\/\/www.crivellitraslochi.ch\/fr\/wp-json\/wp\/v2\/pages\/2691\/revisions"}],"up":[{"embeddable":true,"href":"https:\/\/www.crivellitraslochi.ch\/fr\/wp-json\/wp\/v2\/pages\/2680"}],"wp:attachment":[{"href":"https:\/\/www.crivellitraslochi.ch\/fr\/wp-json\/wp\/v2\/media?parent=2691"}],"curies":[{"name":"wp","href":"https:\/\/api.w.org\/{rel}","templated":true}]}}