{"id":2695,"date":"2016-01-23T13:39:24","date_gmt":"2016-01-23T13:39:24","guid":{"rendered":"http:\/\/www.crivellitraslochi.ch\/conseils\/emballage-professionnel\/"},"modified":"2022-07-28T13:31:23","modified_gmt":"2022-07-28T13:31:23","slug":"emballage-professionnel","status":"publish","type":"page","link":"https:\/\/www.crivellitraslochi.ch\/fr\/conseils\/emballage-professionnel\/","title":{"rendered":"Emballage professionnel"},"content":{"rendered":"<div id=\"cs-content\" class=\"cs-content\"><\/div>\n","protected":false},"excerpt":{"rendered":"<p>Emballage professionnel Une fois que vous avez pris la d\u00e9cision de vous occuper vous-m\u00eame de votre d\u00e9m\u00e9nagement, une \u00e9preuve importante et d\u00e9licate vous attend, qui doit \u00eatre r\u00e9alis\u00e9e en respectant quelques r\u00e8gles de base : l&#8217;emballage, ou vous pouvez compter sur NOUS ! Le but de l&#8217;emballage est d&rsquo;assembler des mat\u00e9riaux, m\u00eame de nature diff\u00e9rente, dans plusieurs conteneurs, en les &#8230; <\/p>\n<div><a href=\"https:\/\/www.crivellitraslochi.ch\/fr\/non-classifiee\/3905\/\" class=\"more-link\">Read More<\/a><\/div>\n","protected":false},"author":1,"featured_media":0,"parent":2680,"menu_order":0,"comment_status":"closed","ping_status":"closed","template":"template-blank-4.php","meta":{"footnotes":""},"class_list":["post-2695","page","type-page","status-publish","hentry","no-post-thumbnail"],"_links":{"self":[{"href":"https:\/\/www.crivellitraslochi.ch\/fr\/wp-json\/wp\/v2\/pages\/2695","targetHints":{"allow":["GET"]}}],"collection":[{"href":"https:\/\/www.crivellitraslochi.ch\/fr\/wp-json\/wp\/v2\/pages"}],"about":[{"href":"https:\/\/www.crivellitraslochi.ch\/fr\/wp-json\/wp\/v2\/types\/page"}],"author":[{"embeddable":true,"href":"https:\/\/www.crivellitraslochi.ch\/fr\/wp-json\/wp\/v2\/users\/1"}],"replies":[{"embeddable":true,"href":"https:\/\/www.crivellitraslochi.ch\/fr\/wp-json\/wp\/v2\/comments?post=2695"}],"version-history":[{"count":0,"href":"https:\/\/www.crivellitraslochi.ch\/fr\/wp-json\/wp\/v2\/pages\/2695\/revisions"}],"up":[{"embeddable":true,"href":"https:\/\/www.crivellitraslochi.ch\/fr\/wp-json\/wp\/v2\/pages\/2680"}],"wp:attachment":[{"href":"https:\/\/www.crivellitraslochi.ch\/fr\/wp-json\/wp\/v2\/media?parent=2695"}],"curies":[{"name":"wp","href":"https:\/\/api.w.org\/{rel}","templated":true}]}}