{"id":2697,"date":"2016-01-23T14:03:45","date_gmt":"2016-01-23T14:03:45","guid":{"rendered":"http:\/\/www.crivellitraslochi.ch\/conseils\/enfants\/"},"modified":"2022-07-28T10:20:26","modified_gmt":"2022-07-28T10:20:26","slug":"enfants","status":"publish","type":"page","link":"https:\/\/www.crivellitraslochi.ch\/fr\/conseils\/enfants\/","title":{"rendered":"Enfants"},"content":{"rendered":"<div id=\"cs-content\" class=\"cs-content\"><\/div>\n","protected":false},"excerpt":{"rendered":"<p>Enfants Le mouvement ? Un jeu d&rsquo;enfant Tout changement radical peut cr\u00e9er un malaise chez les enfants, surtout les plus \u00e2g\u00e9s, qui sont habitu\u00e9s depuis plus longtemps aux environnements, aux choses et \u00e0 certaines habitudes qui s&rsquo;installent in\u00e9vitablement dans chaque famille. D\u00e9m\u00e9nager signifie alors tr\u00e8s souvent s&rsquo;\u00e9loigner de ses amis, point de rep\u00e8re essentiel pour les adolescents, voire changer d&rsquo;\u00e9cole. &#8230; <\/p>\n<div><a href=\"https:\/\/www.crivellitraslochi.ch\/fr\/non-classifiee\/3905\/\" class=\"more-link\">Read More<\/a><\/div>\n","protected":false},"author":1,"featured_media":0,"parent":2680,"menu_order":0,"comment_status":"closed","ping_status":"closed","template":"template-blank-4.php","meta":{"footnotes":""},"class_list":["post-2697","page","type-page","status-publish","hentry","no-post-thumbnail"],"_links":{"self":[{"href":"https:\/\/www.crivellitraslochi.ch\/fr\/wp-json\/wp\/v2\/pages\/2697","targetHints":{"allow":["GET"]}}],"collection":[{"href":"https:\/\/www.crivellitraslochi.ch\/fr\/wp-json\/wp\/v2\/pages"}],"about":[{"href":"https:\/\/www.crivellitraslochi.ch\/fr\/wp-json\/wp\/v2\/types\/page"}],"author":[{"embeddable":true,"href":"https:\/\/www.crivellitraslochi.ch\/fr\/wp-json\/wp\/v2\/users\/1"}],"replies":[{"embeddable":true,"href":"https:\/\/www.crivellitraslochi.ch\/fr\/wp-json\/wp\/v2\/comments?post=2697"}],"version-history":[{"count":0,"href":"https:\/\/www.crivellitraslochi.ch\/fr\/wp-json\/wp\/v2\/pages\/2697\/revisions"}],"up":[{"embeddable":true,"href":"https:\/\/www.crivellitraslochi.ch\/fr\/wp-json\/wp\/v2\/pages\/2680"}],"wp:attachment":[{"href":"https:\/\/www.crivellitraslochi.ch\/fr\/wp-json\/wp\/v2\/media?parent=2697"}],"curies":[{"name":"wp","href":"https:\/\/api.w.org\/{rel}","templated":true}]}}