{"id":2701,"date":"2016-01-23T13:30:48","date_gmt":"2016-01-23T13:30:48","guid":{"rendered":"http:\/\/www.crivellitraslochi.ch\/conseils\/organiser-le-demenagement\/"},"modified":"2022-07-28T13:29:33","modified_gmt":"2022-07-28T13:29:33","slug":"organiser-le-demenagement","status":"publish","type":"page","link":"https:\/\/www.crivellitraslochi.ch\/fr\/conseils\/organiser-le-demenagement\/","title":{"rendered":"Organiser le d\u00e9m\u00e9nagement"},"content":{"rendered":"<div id=\"cs-content\" class=\"cs-content\"><\/div>\n","protected":false},"excerpt":{"rendered":"<p>Organiser le d\u00e9m\u00e9nagement Pr\u00e9parons nous \u00e0 temps6 semaines plus t\u00f4tD\u00e9barrassez-vous des objets inutiles de la cave, du coffre, du d\u00e9barras, etc. Commencez \u00e0 faire l&rsquo;inventaire des choses : pouvez-vous donner quelque chose ? Avez-vous besoin de tout ? Contactez l&rsquo;administrateur du nouveau condominium et demandez le r\u00e8glement de copropri\u00e9t\u00e9. Transf\u00e9rez l&rsquo;inscription \u00e0 l&rsquo;\u00e9cole de vos enfants. Commencez \u00e0 mettre de &#8230; <\/p>\n<div><a href=\"https:\/\/www.crivellitraslochi.ch\/fr\/non-classifiee\/3905\/\" class=\"more-link\">Read More<\/a><\/div>\n","protected":false},"author":1,"featured_media":0,"parent":2680,"menu_order":0,"comment_status":"closed","ping_status":"closed","template":"template-blank-4.php","meta":{"footnotes":""},"class_list":["post-2701","page","type-page","status-publish","hentry","no-post-thumbnail"],"_links":{"self":[{"href":"https:\/\/www.crivellitraslochi.ch\/fr\/wp-json\/wp\/v2\/pages\/2701","targetHints":{"allow":["GET"]}}],"collection":[{"href":"https:\/\/www.crivellitraslochi.ch\/fr\/wp-json\/wp\/v2\/pages"}],"about":[{"href":"https:\/\/www.crivellitraslochi.ch\/fr\/wp-json\/wp\/v2\/types\/page"}],"author":[{"embeddable":true,"href":"https:\/\/www.crivellitraslochi.ch\/fr\/wp-json\/wp\/v2\/users\/1"}],"replies":[{"embeddable":true,"href":"https:\/\/www.crivellitraslochi.ch\/fr\/wp-json\/wp\/v2\/comments?post=2701"}],"version-history":[{"count":0,"href":"https:\/\/www.crivellitraslochi.ch\/fr\/wp-json\/wp\/v2\/pages\/2701\/revisions"}],"up":[{"embeddable":true,"href":"https:\/\/www.crivellitraslochi.ch\/fr\/wp-json\/wp\/v2\/pages\/2680"}],"wp:attachment":[{"href":"https:\/\/www.crivellitraslochi.ch\/fr\/wp-json\/wp\/v2\/media?parent=2701"}],"curies":[{"name":"wp","href":"https:\/\/api.w.org\/{rel}","templated":true}]}}