{"id":2707,"date":"2016-01-23T14:22:22","date_gmt":"2016-01-23T14:22:22","guid":{"rendered":"http:\/\/www.crivellitraslochi.ch\/conseils\/le-troisieme-age\/"},"modified":"2022-07-28T13:35:13","modified_gmt":"2022-07-28T13:35:13","slug":"le-troisieme-age","status":"publish","type":"page","link":"https:\/\/www.crivellitraslochi.ch\/fr\/conseils\/le-troisieme-age\/","title":{"rendered":"Le troisi\u00e8me \u00e2ge"},"content":{"rendered":"<div id=\"cs-content\" class=\"cs-content\"><\/div>\n","protected":false},"excerpt":{"rendered":"<p>Le troisi\u00e8me \u00e2ge Le mouvement ? Crivelli vous assiste de A \u00e0 Z Un clich\u00e9 doit \u00eatre dissip\u00e9 : le troisi\u00e8me \u00e2ge est beaucoup plus \u00e9lastique qu&rsquo;on ne l&rsquo;imagine. Et l&rsquo;Oscar, dans ce cas, revient aux femmes, qui sont curieuses et int\u00e9ress\u00e9es par la nouveaut\u00e9 et le changement. Si la grand-m\u00e8re de la maison est d\u00e9j\u00e0 active et participe \u00e0 &#8230; <\/p>\n<div><a href=\"https:\/\/www.crivellitraslochi.ch\/fr\/non-classifiee\/3905\/\" class=\"more-link\">Read More<\/a><\/div>\n","protected":false},"author":1,"featured_media":0,"parent":2680,"menu_order":0,"comment_status":"closed","ping_status":"closed","template":"template-blank-4.php","meta":{"footnotes":""},"class_list":["post-2707","page","type-page","status-publish","hentry","no-post-thumbnail"],"_links":{"self":[{"href":"https:\/\/www.crivellitraslochi.ch\/fr\/wp-json\/wp\/v2\/pages\/2707","targetHints":{"allow":["GET"]}}],"collection":[{"href":"https:\/\/www.crivellitraslochi.ch\/fr\/wp-json\/wp\/v2\/pages"}],"about":[{"href":"https:\/\/www.crivellitraslochi.ch\/fr\/wp-json\/wp\/v2\/types\/page"}],"author":[{"embeddable":true,"href":"https:\/\/www.crivellitraslochi.ch\/fr\/wp-json\/wp\/v2\/users\/1"}],"replies":[{"embeddable":true,"href":"https:\/\/www.crivellitraslochi.ch\/fr\/wp-json\/wp\/v2\/comments?post=2707"}],"version-history":[{"count":0,"href":"https:\/\/www.crivellitraslochi.ch\/fr\/wp-json\/wp\/v2\/pages\/2707\/revisions"}],"up":[{"embeddable":true,"href":"https:\/\/www.crivellitraslochi.ch\/fr\/wp-json\/wp\/v2\/pages\/2680"}],"wp:attachment":[{"href":"https:\/\/www.crivellitraslochi.ch\/fr\/wp-json\/wp\/v2\/media?parent=2707"}],"curies":[{"name":"wp","href":"https:\/\/api.w.org\/{rel}","templated":true}]}}