{"id":2710,"date":"2016-01-23T15:15:29","date_gmt":"2016-01-23T15:15:29","guid":{"rendered":"http:\/\/www.crivellitraslochi.ch\/services\/transport-doeuvres-dart\/"},"modified":"2022-07-28T13:49:14","modified_gmt":"2022-07-28T13:49:14","slug":"transport-doeuvres-dart","status":"publish","type":"page","link":"https:\/\/www.crivellitraslochi.ch\/fr\/services\/transport-doeuvres-dart\/","title":{"rendered":"Transport d&rsquo;\u0153uvres d&rsquo;art"},"content":{"rendered":"<div id=\"cs-content\" class=\"cs-content\"><\/div>\n","protected":false},"excerpt":{"rendered":"<p>Transport d&rsquo;\u0153uvres d&rsquo;art Faites confiance aux experts pour vos chefs-d&rsquo;\u0153uvreLa sp\u00e9cialisation de Ditta Crivelli Traslochi permet d&rsquo;offrir un service avanc\u00e9 de d\u00e9m\u00e9nagement et de transport d&rsquo;\u0153uvres d&rsquo;art, avec un personnel de confiance acquis au fil du temps gr\u00e2ce \u00e0 un processus de s\u00e9lection rigoureux qui est d\u00e9sormais bien \u00e9tabli et hautement qualifi\u00e9 dans le domaine du transport d&rsquo;\u0153uvres d&rsquo;art. Nos &#8230; <\/p>\n<div><a href=\"https:\/\/www.crivellitraslochi.ch\/fr\/non-classifiee\/3905\/\" class=\"more-link\">Read More<\/a><\/div>\n","protected":false},"author":1,"featured_media":0,"parent":2699,"menu_order":0,"comment_status":"closed","ping_status":"closed","template":"template-blank-4.php","meta":{"footnotes":""},"class_list":["post-2710","page","type-page","status-publish","hentry","no-post-thumbnail"],"_links":{"self":[{"href":"https:\/\/www.crivellitraslochi.ch\/fr\/wp-json\/wp\/v2\/pages\/2710","targetHints":{"allow":["GET"]}}],"collection":[{"href":"https:\/\/www.crivellitraslochi.ch\/fr\/wp-json\/wp\/v2\/pages"}],"about":[{"href":"https:\/\/www.crivellitraslochi.ch\/fr\/wp-json\/wp\/v2\/types\/page"}],"author":[{"embeddable":true,"href":"https:\/\/www.crivellitraslochi.ch\/fr\/wp-json\/wp\/v2\/users\/1"}],"replies":[{"embeddable":true,"href":"https:\/\/www.crivellitraslochi.ch\/fr\/wp-json\/wp\/v2\/comments?post=2710"}],"version-history":[{"count":0,"href":"https:\/\/www.crivellitraslochi.ch\/fr\/wp-json\/wp\/v2\/pages\/2710\/revisions"}],"up":[{"embeddable":true,"href":"https:\/\/www.crivellitraslochi.ch\/fr\/wp-json\/wp\/v2\/pages\/2699"}],"wp:attachment":[{"href":"https:\/\/www.crivellitraslochi.ch\/fr\/wp-json\/wp\/v2\/media?parent=2710"}],"curies":[{"name":"wp","href":"https:\/\/api.w.org\/{rel}","templated":true}]}}