{"id":2712,"date":"2016-01-23T15:19:42","date_gmt":"2016-01-23T15:19:42","guid":{"rendered":"http:\/\/www.crivellitraslochi.ch\/services\/location-de-materiel-de-demenagement\/"},"modified":"2022-07-28T13:57:04","modified_gmt":"2022-07-28T13:57:04","slug":"location-de-materiel-de-demenagement","status":"publish","type":"page","link":"https:\/\/www.crivellitraslochi.ch\/fr\/services\/location-de-materiel-de-demenagement\/","title":{"rendered":"Location de mat\u00e9riel de d\u00e9m\u00e9nagement"},"content":{"rendered":"<div id=\"cs-content\" class=\"cs-content\"><\/div>\n","protected":false},"excerpt":{"rendered":"<p>Location de mat\u00e9riel de d\u00e9m\u00e9nagement Le mouvement ? Crivelli vous assiste de A \u00e0 Z Crivelli Traslochi propose ses \u00e9quipements modernes et pratiques \u00e0 la location. Pour ceux qui pr\u00e9f\u00e8rent r\u00e9aliser eux-m\u00eames leurs op\u00e9rations de d\u00e9m\u00e9nagement, l&rsquo;entreprise met \u00e0 votre disposition des camions-\u00e9chelles et des nacelles \u00e9l\u00e9vatrices pour toutes vos op\u00e9rations de d\u00e9m\u00e9nagement \u00e0 faire soi-m\u00eame. Diff\u00e9rentes hauteurs et capacit\u00e9s &#8230; <\/p>\n<div><a href=\"https:\/\/www.crivellitraslochi.ch\/fr\/non-classifiee\/3905\/\" class=\"more-link\">Read More<\/a><\/div>\n","protected":false},"author":1,"featured_media":0,"parent":2699,"menu_order":0,"comment_status":"closed","ping_status":"closed","template":"template-blank-4.php","meta":{"footnotes":""},"class_list":["post-2712","page","type-page","status-publish","hentry","no-post-thumbnail"],"_links":{"self":[{"href":"https:\/\/www.crivellitraslochi.ch\/fr\/wp-json\/wp\/v2\/pages\/2712","targetHints":{"allow":["GET"]}}],"collection":[{"href":"https:\/\/www.crivellitraslochi.ch\/fr\/wp-json\/wp\/v2\/pages"}],"about":[{"href":"https:\/\/www.crivellitraslochi.ch\/fr\/wp-json\/wp\/v2\/types\/page"}],"author":[{"embeddable":true,"href":"https:\/\/www.crivellitraslochi.ch\/fr\/wp-json\/wp\/v2\/users\/1"}],"replies":[{"embeddable":true,"href":"https:\/\/www.crivellitraslochi.ch\/fr\/wp-json\/wp\/v2\/comments?post=2712"}],"version-history":[{"count":0,"href":"https:\/\/www.crivellitraslochi.ch\/fr\/wp-json\/wp\/v2\/pages\/2712\/revisions"}],"up":[{"embeddable":true,"href":"https:\/\/www.crivellitraslochi.ch\/fr\/wp-json\/wp\/v2\/pages\/2699"}],"wp:attachment":[{"href":"https:\/\/www.crivellitraslochi.ch\/fr\/wp-json\/wp\/v2\/media?parent=2712"}],"curies":[{"name":"wp","href":"https:\/\/api.w.org\/{rel}","templated":true}]}}