{"id":2717,"date":"2016-01-23T14:48:22","date_gmt":"2016-01-23T14:48:22","guid":{"rendered":"http:\/\/www.crivellitraslochi.ch\/conseils\/animaux-domestiques\/"},"modified":"2022-07-28T13:36:45","modified_gmt":"2022-07-28T13:36:45","slug":"animaux-domestiques","status":"publish","type":"page","link":"https:\/\/www.crivellitraslochi.ch\/fr\/conseils\/animaux-domestiques\/","title":{"rendered":"Animaux domestiques"},"content":{"rendered":"<div id=\"cs-content\" class=\"cs-content\"><\/div>\n","protected":false},"excerpt":{"rendered":"<p>Animaux domestiques Fido, Felix et tous les autres Les animaux domestiques font partie de la famille \u00e0 tous points de vue. Et il faut leur accorder une certaine attention. Ils ont eux aussi des besoins pratiques et des sensibilit\u00e9s qui doivent \u00eatre respect\u00e9s. Chiens Pour eux, il est tr\u00e8s important d&rsquo;\u00eatre toujours proche du propri\u00e9taire. Tout le reste passe au &#8230; <\/p>\n<div><a href=\"https:\/\/www.crivellitraslochi.ch\/fr\/non-classifiee\/3905\/\" class=\"more-link\">Read More<\/a><\/div>\n","protected":false},"author":1,"featured_media":0,"parent":2680,"menu_order":0,"comment_status":"closed","ping_status":"closed","template":"template-blank-4.php","meta":{"footnotes":""},"class_list":["post-2717","page","type-page","status-publish","hentry","no-post-thumbnail"],"_links":{"self":[{"href":"https:\/\/www.crivellitraslochi.ch\/fr\/wp-json\/wp\/v2\/pages\/2717","targetHints":{"allow":["GET"]}}],"collection":[{"href":"https:\/\/www.crivellitraslochi.ch\/fr\/wp-json\/wp\/v2\/pages"}],"about":[{"href":"https:\/\/www.crivellitraslochi.ch\/fr\/wp-json\/wp\/v2\/types\/page"}],"author":[{"embeddable":true,"href":"https:\/\/www.crivellitraslochi.ch\/fr\/wp-json\/wp\/v2\/users\/1"}],"replies":[{"embeddable":true,"href":"https:\/\/www.crivellitraslochi.ch\/fr\/wp-json\/wp\/v2\/comments?post=2717"}],"version-history":[{"count":0,"href":"https:\/\/www.crivellitraslochi.ch\/fr\/wp-json\/wp\/v2\/pages\/2717\/revisions"}],"up":[{"embeddable":true,"href":"https:\/\/www.crivellitraslochi.ch\/fr\/wp-json\/wp\/v2\/pages\/2680"}],"wp:attachment":[{"href":"https:\/\/www.crivellitraslochi.ch\/fr\/wp-json\/wp\/v2\/media?parent=2717"}],"curies":[{"name":"wp","href":"https:\/\/api.w.org\/{rel}","templated":true}]}}