{"id":2722,"date":"2016-01-23T15:32:00","date_gmt":"2016-01-23T15:32:00","guid":{"rendered":"http:\/\/www.crivellitraslochi.ch\/services\/paiement\/"},"modified":"2022-07-28T14:00:13","modified_gmt":"2022-07-28T14:00:13","slug":"paiement","status":"publish","type":"page","link":"https:\/\/www.crivellitraslochi.ch\/fr\/services\/paiement\/","title":{"rendered":"Paiement"},"content":{"rendered":"<div id=\"cs-content\" class=\"cs-content\"><\/div>\n","protected":false},"excerpt":{"rendered":"<p>Paiement Crivelli Traslochi : le meilleur rapport qualit\u00e9-prix Le paiement du d\u00e9m\u00e9nagement s&rsquo;effectue normalement \u00e0 la fin du d\u00e9m\u00e9nagement, soit en esp\u00e8ces, soit par virement bancaire, contre l&rsquo;\u00e9mission d&rsquo;une facture r\u00e9guli\u00e8re. Nous ne sommes pas oppos\u00e9s aux paiements \u00e9chelonn\u00e9s et personnalis\u00e9s, pour faciliter la vie de nos clients : aidez-nous \u00e0 r\u00e9pondre \u00e0 vos besoins, &#8230;., discutons&#8230; une solution peut &#8230; <\/p>\n<div><a href=\"https:\/\/www.crivellitraslochi.ch\/fr\/non-classifiee\/3905\/\" class=\"more-link\">Read More<\/a><\/div>\n","protected":false},"author":1,"featured_media":0,"parent":2699,"menu_order":0,"comment_status":"closed","ping_status":"closed","template":"template-blank-4.php","meta":{"footnotes":""},"class_list":["post-2722","page","type-page","status-publish","hentry","no-post-thumbnail"],"_links":{"self":[{"href":"https:\/\/www.crivellitraslochi.ch\/fr\/wp-json\/wp\/v2\/pages\/2722","targetHints":{"allow":["GET"]}}],"collection":[{"href":"https:\/\/www.crivellitraslochi.ch\/fr\/wp-json\/wp\/v2\/pages"}],"about":[{"href":"https:\/\/www.crivellitraslochi.ch\/fr\/wp-json\/wp\/v2\/types\/page"}],"author":[{"embeddable":true,"href":"https:\/\/www.crivellitraslochi.ch\/fr\/wp-json\/wp\/v2\/users\/1"}],"replies":[{"embeddable":true,"href":"https:\/\/www.crivellitraslochi.ch\/fr\/wp-json\/wp\/v2\/comments?post=2722"}],"version-history":[{"count":0,"href":"https:\/\/www.crivellitraslochi.ch\/fr\/wp-json\/wp\/v2\/pages\/2722\/revisions"}],"up":[{"embeddable":true,"href":"https:\/\/www.crivellitraslochi.ch\/fr\/wp-json\/wp\/v2\/pages\/2699"}],"wp:attachment":[{"href":"https:\/\/www.crivellitraslochi.ch\/fr\/wp-json\/wp\/v2\/media?parent=2722"}],"curies":[{"name":"wp","href":"https:\/\/api.w.org\/{rel}","templated":true}]}}