{"id":2729,"date":"2016-01-23T16:22:44","date_gmt":"2016-01-23T16:22:44","guid":{"rendered":"http:\/\/www.crivellitraslochi.ch\/services\/aide-au-demenagement\/"},"modified":"2022-07-28T13:55:08","modified_gmt":"2022-07-28T13:55:08","slug":"aide-au-demenagement","status":"publish","type":"page","link":"https:\/\/www.crivellitraslochi.ch\/fr\/services\/aide-au-demenagement\/","title":{"rendered":"Aide au d\u00e9m\u00e9nagement"},"content":{"rendered":"<div id=\"cs-content\" class=\"cs-content\"><\/div>\n","protected":false},"excerpt":{"rendered":"<p>Aide au d\u00e9m\u00e9nagement Un emballage efficace Au cours de ses longues ann\u00e9es d&rsquo;activit\u00e9, Crivelli a exp\u00e9riment\u00e9 une tr\u00e8s large gamme de r\u00e9cipients et de mat\u00e9riaux d&#8217;emballage, s\u00e9lectionnant et adoptant ceux qui r\u00e9pondent le mieux aux crit\u00e8res de praticit\u00e9, d&rsquo;hygi\u00e8ne et d&rsquo;\u00e9conomie. Au Client qui choisit de s&rsquo;occuper directement de l&#8217;emballage du mobilier et des effets personnels, Crivelli fournit tous les &#8230; <\/p>\n<div><a href=\"https:\/\/www.crivellitraslochi.ch\/fr\/non-classifiee\/3905\/\" class=\"more-link\">Read More<\/a><\/div>\n","protected":false},"author":1,"featured_media":0,"parent":2699,"menu_order":0,"comment_status":"closed","ping_status":"closed","template":"template-blank-4.php","meta":{"footnotes":""},"class_list":["post-2729","page","type-page","status-publish","hentry","no-post-thumbnail"],"_links":{"self":[{"href":"https:\/\/www.crivellitraslochi.ch\/fr\/wp-json\/wp\/v2\/pages\/2729","targetHints":{"allow":["GET"]}}],"collection":[{"href":"https:\/\/www.crivellitraslochi.ch\/fr\/wp-json\/wp\/v2\/pages"}],"about":[{"href":"https:\/\/www.crivellitraslochi.ch\/fr\/wp-json\/wp\/v2\/types\/page"}],"author":[{"embeddable":true,"href":"https:\/\/www.crivellitraslochi.ch\/fr\/wp-json\/wp\/v2\/users\/1"}],"replies":[{"embeddable":true,"href":"https:\/\/www.crivellitraslochi.ch\/fr\/wp-json\/wp\/v2\/comments?post=2729"}],"version-history":[{"count":0,"href":"https:\/\/www.crivellitraslochi.ch\/fr\/wp-json\/wp\/v2\/pages\/2729\/revisions"}],"up":[{"embeddable":true,"href":"https:\/\/www.crivellitraslochi.ch\/fr\/wp-json\/wp\/v2\/pages\/2699"}],"wp:attachment":[{"href":"https:\/\/www.crivellitraslochi.ch\/fr\/wp-json\/wp\/v2\/media?parent=2729"}],"curies":[{"name":"wp","href":"https:\/\/api.w.org\/{rel}","templated":true}]}}