{"id":2736,"date":"2016-01-24T10:33:05","date_gmt":"2016-01-24T10:33:05","guid":{"rendered":"http:\/\/www.crivellitraslochi.ch\/services\/demenagements-par-voie-maritime\/"},"modified":"2022-07-28T13:42:14","modified_gmt":"2022-07-28T13:42:14","slug":"demenagements-par-voie-maritime","status":"publish","type":"page","link":"https:\/\/www.crivellitraslochi.ch\/fr\/services\/demenagements-par-voie-maritime\/","title":{"rendered":"D\u00e9m\u00e9nagements par voie maritime"},"content":{"rendered":"<div id=\"cs-content\" class=\"cs-content\"><\/div>\n","protected":false},"excerpt":{"rendered":"<p>D\u00e9m\u00e9nagements par voie maritime Pour les d\u00e9m\u00e9nagements internationaux ou intercontinentaux L&rsquo;une des questions les plus fr\u00e9quentes que nous posent les clients qui doivent effectuer un d\u00e9m\u00e9nagement international ou intercontinental&nbsp;: combien co\u00fbte la&nbsp; conteneur &nbsp;pour la destination que j&rsquo;ai choisie ? Lorsqu&rsquo;il s&rsquo;agit de&nbsp;d\u00e9m\u00e9nagements internationaux&nbsp;impliquant&nbsp;transport par voie maritime, il est impossible de donner un&nbsp;co\u00fbt fixe, ne serait-ce que pour donner une &#8230; <\/p>\n<div><a href=\"https:\/\/www.crivellitraslochi.ch\/fr\/non-classifiee\/3905\/\" class=\"more-link\">Read More<\/a><\/div>\n","protected":false},"author":1,"featured_media":0,"parent":2699,"menu_order":0,"comment_status":"closed","ping_status":"closed","template":"template-blank-4.php","meta":{"footnotes":""},"class_list":["post-2736","page","type-page","status-publish","hentry","no-post-thumbnail"],"_links":{"self":[{"href":"https:\/\/www.crivellitraslochi.ch\/fr\/wp-json\/wp\/v2\/pages\/2736","targetHints":{"allow":["GET"]}}],"collection":[{"href":"https:\/\/www.crivellitraslochi.ch\/fr\/wp-json\/wp\/v2\/pages"}],"about":[{"href":"https:\/\/www.crivellitraslochi.ch\/fr\/wp-json\/wp\/v2\/types\/page"}],"author":[{"embeddable":true,"href":"https:\/\/www.crivellitraslochi.ch\/fr\/wp-json\/wp\/v2\/users\/1"}],"replies":[{"embeddable":true,"href":"https:\/\/www.crivellitraslochi.ch\/fr\/wp-json\/wp\/v2\/comments?post=2736"}],"version-history":[{"count":0,"href":"https:\/\/www.crivellitraslochi.ch\/fr\/wp-json\/wp\/v2\/pages\/2736\/revisions"}],"up":[{"embeddable":true,"href":"https:\/\/www.crivellitraslochi.ch\/fr\/wp-json\/wp\/v2\/pages\/2699"}],"wp:attachment":[{"href":"https:\/\/www.crivellitraslochi.ch\/fr\/wp-json\/wp\/v2\/media?parent=2736"}],"curies":[{"name":"wp","href":"https:\/\/api.w.org\/{rel}","templated":true}]}}