{"id":2745,"date":"2016-02-03T17:10:40","date_gmt":"2016-02-03T17:10:40","guid":{"rendered":"http:\/\/www.crivellitraslochi.ch\/services\/transport-du-piano\/"},"modified":"2022-08-22T14:37:26","modified_gmt":"2022-08-22T14:37:26","slug":"transport-du-piano","status":"publish","type":"page","link":"https:\/\/www.crivellitraslochi.ch\/fr\/services\/transport-du-piano\/","title":{"rendered":"Transport du piano"},"content":{"rendered":"<div id=\"cs-content\" class=\"cs-content\"><\/div>\n","protected":false},"excerpt":{"rendered":"<p>Transport du piano Le piano est une marchandise tr\u00e8s pr\u00e9cieuse et tout aussi d\u00e9licate, lourde et encombrante. C&rsquo;est pourquoi, pour son transport, il est primordial de s&rsquo;adresser \u00e0 une entreprise sp\u00e9cialis\u00e9e qui pourra g\u00e9rer le d\u00e9m\u00e9nagement avec comp\u00e9tence et soin. Notre entreprise est sp\u00e9cialis\u00e9e dans le d\u00e9m\u00e9nagement d&rsquo;instruments de musique volumineux et poss\u00e8de une longue exp\u00e9rience dans ce domaine.<\/p>\n","protected":false},"author":1,"featured_media":0,"parent":2699,"menu_order":0,"comment_status":"closed","ping_status":"closed","template":"template-blank-4.php","meta":{"footnotes":""},"class_list":["post-2745","page","type-page","status-publish","hentry","no-post-thumbnail"],"_links":{"self":[{"href":"https:\/\/www.crivellitraslochi.ch\/fr\/wp-json\/wp\/v2\/pages\/2745","targetHints":{"allow":["GET"]}}],"collection":[{"href":"https:\/\/www.crivellitraslochi.ch\/fr\/wp-json\/wp\/v2\/pages"}],"about":[{"href":"https:\/\/www.crivellitraslochi.ch\/fr\/wp-json\/wp\/v2\/types\/page"}],"author":[{"embeddable":true,"href":"https:\/\/www.crivellitraslochi.ch\/fr\/wp-json\/wp\/v2\/users\/1"}],"replies":[{"embeddable":true,"href":"https:\/\/www.crivellitraslochi.ch\/fr\/wp-json\/wp\/v2\/comments?post=2745"}],"version-history":[{"count":0,"href":"https:\/\/www.crivellitraslochi.ch\/fr\/wp-json\/wp\/v2\/pages\/2745\/revisions"}],"up":[{"embeddable":true,"href":"https:\/\/www.crivellitraslochi.ch\/fr\/wp-json\/wp\/v2\/pages\/2699"}],"wp:attachment":[{"href":"https:\/\/www.crivellitraslochi.ch\/fr\/wp-json\/wp\/v2\/media?parent=2745"}],"curies":[{"name":"wp","href":"https:\/\/api.w.org\/{rel}","templated":true}]}}