{"id":2748,"date":"2016-02-03T17:03:38","date_gmt":"2016-02-03T17:03:38","guid":{"rendered":"http:\/\/www.crivellitraslochi.ch\/services\/service-de-dedouanement\/"},"modified":"2022-07-28T13:50:07","modified_gmt":"2022-07-28T13:50:07","slug":"service-de-dedouanement","status":"publish","type":"page","link":"https:\/\/www.crivellitraslochi.ch\/fr\/services\/service-de-dedouanement\/","title":{"rendered":"Service de d\u00e9douanement"},"content":{"rendered":"<div id=\"cs-content\" class=\"cs-content\"><\/div>\n","protected":false},"excerpt":{"rendered":"<p>Service de d\u00e9douanement Crivelli propose un service tr\u00e8s utile pour ceux qui ne savent pas comment se d\u00e9barrasser de mat\u00e9riel qui tra\u00eene souvent depuis des ann\u00e9es, voire des d\u00e9cennies, dans des appartements ou des caves. En fait, faire le m\u00e9nage est une t\u00e2che fastidieuse, qui prend du temps, et de nos jours, dans notre soci\u00e9t\u00e9 trop agit\u00e9e, avoir du temps &#8230; <\/p>\n<div><a href=\"https:\/\/www.crivellitraslochi.ch\/fr\/non-classifiee\/3905\/\" class=\"more-link\">Read More<\/a><\/div>\n","protected":false},"author":1,"featured_media":0,"parent":2699,"menu_order":0,"comment_status":"closed","ping_status":"closed","template":"template-blank-4.php","meta":{"footnotes":""},"class_list":["post-2748","page","type-page","status-publish","hentry","no-post-thumbnail"],"_links":{"self":[{"href":"https:\/\/www.crivellitraslochi.ch\/fr\/wp-json\/wp\/v2\/pages\/2748","targetHints":{"allow":["GET"]}}],"collection":[{"href":"https:\/\/www.crivellitraslochi.ch\/fr\/wp-json\/wp\/v2\/pages"}],"about":[{"href":"https:\/\/www.crivellitraslochi.ch\/fr\/wp-json\/wp\/v2\/types\/page"}],"author":[{"embeddable":true,"href":"https:\/\/www.crivellitraslochi.ch\/fr\/wp-json\/wp\/v2\/users\/1"}],"replies":[{"embeddable":true,"href":"https:\/\/www.crivellitraslochi.ch\/fr\/wp-json\/wp\/v2\/comments?post=2748"}],"version-history":[{"count":0,"href":"https:\/\/www.crivellitraslochi.ch\/fr\/wp-json\/wp\/v2\/pages\/2748\/revisions"}],"up":[{"embeddable":true,"href":"https:\/\/www.crivellitraslochi.ch\/fr\/wp-json\/wp\/v2\/pages\/2699"}],"wp:attachment":[{"href":"https:\/\/www.crivellitraslochi.ch\/fr\/wp-json\/wp\/v2\/media?parent=2748"}],"curies":[{"name":"wp","href":"https:\/\/api.w.org\/{rel}","templated":true}]}}